{"id":52565,"date":"2025-01-06T18:56:58","date_gmt":"2025-01-06T17:56:58","guid":{"rendered":"https:\/\/murter.riot.hr\/?post_type=product&#038;p=52565"},"modified":"2025-04-03T19:29:48","modified_gmt":"2025-04-03T18:29:48","slug":"appartamento-verde-a21-id-88","status":"publish","type":"product","link":"https:\/\/murter-online.com\/it\/prodotto\/appartamento-verde-a21-id-88\/","title":{"rendered":"Appartamento vista mare spiaggia Colentum Murter A2+1 ID 88"},"content":{"rendered":"","protected":false},"excerpt":{"rendered":"<p>L&#8217;appartamento si trova vicino al porto turistico di Murter &#8211; Hramine. Vicino all&#8217;appartamento si trova il centro di Murter, che dista solo pochi minuti a piedi. La prima spiaggia \u00e8 a soli 180 metri (spiaggia cittadina). Vicino all&#8217;appartamento c&#8217;\u00e8 un distributore di benzina, supermercato, ristoranti e caff\u00e8. L&#8217;appartamento ha un balcone e vista mare. L&#8217;appartamento \u00e8 dotato di aria condizionata, WiFi e TV satellitare. Lenzuola, asciugamani e pulizie finali sono incluse nel prezzo.<\/p>\n","protected":false},"featured_media":34443,"template":"","meta":{"_acf_changed":false},"product_brand":[],"product_cat":[160,132,162],"product_tag":[],"class_list":{"0":"post-52565","1":"product","2":"type-product","3":"status-publish","4":"has-post-thumbnail","6":"product_cat-appartamenti-con-vista-mare","7":"product_cat-appartamenti","8":"product_cat-appartamenti-per-famiglie","10":"first","11":"instock","12":"sold-individually","13":"shipping-taxable","14":"purchasable","15":"product-type-phive_booking"},"acf":[],"_links":{"self":[{"href":"https:\/\/murter-online.com\/it\/wp-json\/wp\/v2\/product\/52565","targetHints":{"allow":["GET"]}}],"collection":[{"href":"https:\/\/murter-online.com\/it\/wp-json\/wp\/v2\/product"}],"about":[{"href":"https:\/\/murter-online.com\/it\/wp-json\/wp\/v2\/types\/product"}],"wp:featuredmedia":[{"embeddable":true,"href":"https:\/\/murter-online.com\/it\/wp-json\/wp\/v2\/media\/34443"}],"wp:attachment":[{"href":"https:\/\/murter-online.com\/it\/wp-json\/wp\/v2\/media?parent=52565"}],"wp:term":[{"taxonomy":"product_brand","embeddable":true,"href":"https:\/\/murter-online.com\/it\/wp-json\/wp\/v2\/product_brand?post=52565"},{"taxonomy":"product_cat","embeddable":true,"href":"https:\/\/murter-online.com\/it\/wp-json\/wp\/v2\/product_cat?post=52565"},{"taxonomy":"product_tag","embeddable":true,"href":"https:\/\/murter-online.com\/it\/wp-json\/wp\/v2\/product_tag?post=52565"}],"curies":[{"name":"wp","href":"https:\/\/api.w.org\/{rel}","templated":true}]}}