{"id":52577,"date":"2025-01-06T19:56:28","date_gmt":"2025-01-06T19:56:28","guid":{"rendered":"https:\/\/murter.riot.hr\/?post_type=product&#038;p=52577"},"modified":"2025-01-26T16:27:47","modified_gmt":"2025-01-26T16:27:47","slug":"appartamento-con-posto-barca-murter-kornati-a21-id-259","status":"publish","type":"product","link":"https:\/\/murter-online.com\/it\/prodotto\/appartamento-con-posto-barca-murter-kornati-a21-id-259\/","title":{"rendered":"Appartamento con posto barca Murter Kornati A2+1 id 259"},"content":{"rendered":"","protected":false},"excerpt":{"rendered":"<p>Appartamento per max. 3 persone si trova al secondo piano della casa. L&#8217;appartamento ha una vista sul mare. L&#8217;appartamento ha una camera da letto dove possono dormire 2 adulti, c&#8217;\u00e8 un letto supplementare (divano) nel soggiorno che pu\u00f2 essere utilizzato per dormire. L&#8217;appartamento \u00e8 dotato di lavastoviglie, lavatrice, aria condizionata e internet Wi-Fi. C&#8217;\u00e8 un parcheggio gratuito per un&#8217;auto nel cortile dell&#8217;appartamento. C&#8217;\u00e8 una griglia all&#8217;aperto che pu\u00f2 essere utilizzata gratuitamente.<\/p>\n","protected":false},"featured_media":34647,"template":"","meta":{"_acf_changed":false},"product_brand":[],"product_cat":[160],"product_tag":[],"class_list":{"0":"post-52577","1":"product","2":"type-product","3":"status-publish","4":"has-post-thumbnail","6":"product_cat-appartamenti-con-vista-mare","8":"first","9":"instock","10":"sold-individually","11":"shipping-taxable","12":"purchasable","13":"product-type-phive_booking"},"acf":[],"_links":{"self":[{"href":"https:\/\/murter-online.com\/it\/wp-json\/wp\/v2\/product\/52577","targetHints":{"allow":["GET"]}}],"collection":[{"href":"https:\/\/murter-online.com\/it\/wp-json\/wp\/v2\/product"}],"about":[{"href":"https:\/\/murter-online.com\/it\/wp-json\/wp\/v2\/types\/product"}],"wp:featuredmedia":[{"embeddable":true,"href":"https:\/\/murter-online.com\/it\/wp-json\/wp\/v2\/media\/34647"}],"wp:attachment":[{"href":"https:\/\/murter-online.com\/it\/wp-json\/wp\/v2\/media?parent=52577"}],"wp:term":[{"taxonomy":"product_brand","embeddable":true,"href":"https:\/\/murter-online.com\/it\/wp-json\/wp\/v2\/product_brand?post=52577"},{"taxonomy":"product_cat","embeddable":true,"href":"https:\/\/murter-online.com\/it\/wp-json\/wp\/v2\/product_cat?post=52577"},{"taxonomy":"product_tag","embeddable":true,"href":"https:\/\/murter-online.com\/it\/wp-json\/wp\/v2\/product_tag?post=52577"}],"curies":[{"name":"wp","href":"https:\/\/api.w.org\/{rel}","templated":true}]}}