{"id":52582,"date":"2025-01-06T20:08:00","date_gmt":"2025-01-06T20:08:00","guid":{"rendered":"https:\/\/murter.riot.hr\/?post_type=product&#038;p=52582"},"modified":"2025-01-26T20:54:42","modified_gmt":"2025-01-26T20:54:42","slug":"appartamento-con-piscina-a-murter-a22-id-286","status":"publish","type":"product","link":"https:\/\/murter-online.com\/it\/prodotto\/appartamento-con-piscina-a-murter-a22-id-286\/","title":{"rendered":"Appartamento con piscina a Murter A2+2 ID 286"},"content":{"rendered":"","protected":false},"excerpt":{"rendered":"<p>L&#8217;appartamento per un totale di 4 adulti si trova al piano terra della casa. L&#8217;appartamento ha una camera da letto dove possono dormire 2 adulti, c&#8217;\u00e8 un letto supplementare (divano), nel soggiorno, che pu\u00f2 essere utilizzato per dormire. L&#8217;appartamento ha accesso ad un cortile privato con piscina. C&#8217;\u00e8 una doccia esterna di fronte all&#8217;appartamento e la griglia, che pu\u00f2 essere utilizzata gratuitamente. Il parcheggio per l&#8217;auto si trova di fronte alla casa. L&#8217;appartamento \u00e8 dotato di Wi-Fi e TV LCD da 65&#8243; + PS4. La TV LCD \u00e8 nelle camere da letto. La cucina \u00e8 dotata di macchina da caff\u00e8 Nespresso, tostapane, microonde, bollitore, lavastoviglie. L&#8217;appartamento \u00e8 dotato di lavatrice. Su richiesta sono disponibili un lettino e una mangiatoia. Il costo della pulizia \u00e8 di \u20ac 60 e non \u00e8 incluso nel prezzo. La tassa di soggiorno \u00e8 di \u20ac 1,50 e non \u00e8 inclusa nel prezzo. I ragazzi fino a 12 anni sono esenti dal pagamento della tassa di soggiorno, mentre i ragazzi dai 12 ai 18 anni pagano il 50% del prezzo.<\/p>\n","protected":false},"featured_media":34764,"template":"","meta":{"_acf_changed":false},"product_brand":[],"product_cat":[161,132,162],"product_tag":[],"class_list":{"0":"post-52582","1":"product","2":"type-product","3":"status-publish","4":"has-post-thumbnail","6":"product_cat-appartamenti-con-piscina","7":"product_cat-appartamenti","8":"product_cat-appartamenti-per-famiglie","10":"first","11":"instock","12":"sold-individually","13":"shipping-taxable","14":"purchasable","15":"product-type-phive_booking"},"acf":[],"_links":{"self":[{"href":"https:\/\/murter-online.com\/it\/wp-json\/wp\/v2\/product\/52582","targetHints":{"allow":["GET"]}}],"collection":[{"href":"https:\/\/murter-online.com\/it\/wp-json\/wp\/v2\/product"}],"about":[{"href":"https:\/\/murter-online.com\/it\/wp-json\/wp\/v2\/types\/product"}],"wp:featuredmedia":[{"embeddable":true,"href":"https:\/\/murter-online.com\/it\/wp-json\/wp\/v2\/media\/34764"}],"wp:attachment":[{"href":"https:\/\/murter-online.com\/it\/wp-json\/wp\/v2\/media?parent=52582"}],"wp:term":[{"taxonomy":"product_brand","embeddable":true,"href":"https:\/\/murter-online.com\/it\/wp-json\/wp\/v2\/product_brand?post=52582"},{"taxonomy":"product_cat","embeddable":true,"href":"https:\/\/murter-online.com\/it\/wp-json\/wp\/v2\/product_cat?post=52582"},{"taxonomy":"product_tag","embeddable":true,"href":"https:\/\/murter-online.com\/it\/wp-json\/wp\/v2\/product_tag?post=52582"}],"curies":[{"name":"wp","href":"https:\/\/api.w.org\/{rel}","templated":true}]}}