{"id":52586,"date":"2025-01-06T20:21:15","date_gmt":"2025-01-06T20:21:15","guid":{"rendered":"https:\/\/murter.riot.hr\/?post_type=product&#038;p=52586"},"modified":"2025-04-19T07:48:36","modified_gmt":"2025-04-19T06:48:36","slug":"appartamento-con-vista-mare-murter-2-2-id-219","status":"publish","type":"product","link":"https:\/\/murter-online.com\/it\/prodotto\/appartamento-con-vista-mare-murter-2-2-id-219\/","title":{"rendered":"Appartamento Murter con vista mare 2+2 ID 219"},"content":{"rendered":"","protected":false},"excerpt":{"rendered":"<p>Appartamento con vista panoramica sul mare a Murter. L&#8217;appartamento ha una camera da letto dove possono dormire due persone, c&#8217;\u00e8 un soggiorno con un divano letto che pu\u00f2 essere usato per dormire. La cucina \u00e8 completamente equipaggiata. Per gli ospiti degli appartamenti \u00e8 previsto un parcheggio gratuito nel cortile. C&#8217;\u00e8 una griglia all&#8217;aperto che pu\u00f2 essere utilizzata. L&#8217;appartamento \u00e8 in un&#8217;ottima posizione. La spiaggia cittadina Luca, la spiaggia sabbiosa Slanica e il centro del paese sono raggiungibili a piedi.Il listino prezzi \u00e8 valido per due persone.<\/p>\n","protected":false},"featured_media":34845,"template":"","meta":{"_acf_changed":false},"product_brand":[],"product_cat":[160,162],"product_tag":[],"class_list":{"0":"post-52586","1":"product","2":"type-product","3":"status-publish","4":"has-post-thumbnail","6":"product_cat-appartamenti-con-vista-mare","7":"product_cat-appartamenti-per-famiglie","9":"first","10":"instock","11":"sold-individually","12":"shipping-taxable","13":"purchasable","14":"product-type-phive_booking"},"acf":[],"_links":{"self":[{"href":"https:\/\/murter-online.com\/it\/wp-json\/wp\/v2\/product\/52586","targetHints":{"allow":["GET"]}}],"collection":[{"href":"https:\/\/murter-online.com\/it\/wp-json\/wp\/v2\/product"}],"about":[{"href":"https:\/\/murter-online.com\/it\/wp-json\/wp\/v2\/types\/product"}],"wp:featuredmedia":[{"embeddable":true,"href":"https:\/\/murter-online.com\/it\/wp-json\/wp\/v2\/media\/34845"}],"wp:attachment":[{"href":"https:\/\/murter-online.com\/it\/wp-json\/wp\/v2\/media?parent=52586"}],"wp:term":[{"taxonomy":"product_brand","embeddable":true,"href":"https:\/\/murter-online.com\/it\/wp-json\/wp\/v2\/product_brand?post=52586"},{"taxonomy":"product_cat","embeddable":true,"href":"https:\/\/murter-online.com\/it\/wp-json\/wp\/v2\/product_cat?post=52586"},{"taxonomy":"product_tag","embeddable":true,"href":"https:\/\/murter-online.com\/it\/wp-json\/wp\/v2\/product_tag?post=52586"}],"curies":[{"name":"wp","href":"https:\/\/api.w.org\/{rel}","templated":true}]}}