{"id":52590,"date":"2025-01-06T20:38:44","date_gmt":"2025-01-06T19:38:44","guid":{"rendered":"https:\/\/murter.riot.hr\/?post_type=product&#038;p=52590"},"modified":"2025-04-03T17:38:00","modified_gmt":"2025-04-03T16:38:00","slug":"appartamento-zdrace-betina-seaview-a2-2-id-106","status":"publish","type":"product","link":"https:\/\/murter-online.com\/it\/prodotto\/appartamento-zdrace-betina-seaview-a2-2-id-106\/","title":{"rendered":"Appartamento con vista mare spiaggia Zdra\u010de Betina &#8211; Murter A2 + 2 ID 106"},"content":{"rendered":"","protected":false},"excerpt":{"rendered":"<p>L&#8217;appartamento si trova a 70 metri dalla spiaggia locale Zdra\u010de a Betina. L&#8217;appartamento ha una vista sul mare. L&#8217;appartamento pu\u00f2 ospitare 3 adulti o due adulti e due bambini. L&#8217;appartamento \u00e8 adatto per una vacanza in famiglia.<\/p>\n","protected":false},"featured_media":34957,"template":"","meta":{"_acf_changed":false},"product_brand":[],"product_cat":[160],"product_tag":[],"class_list":{"0":"post-52590","1":"product","2":"type-product","3":"status-publish","4":"has-post-thumbnail","6":"product_cat-appartamenti-con-vista-mare","8":"first","9":"instock","10":"sold-individually","11":"shipping-taxable","12":"purchasable","13":"product-type-phive_booking"},"acf":[],"_links":{"self":[{"href":"https:\/\/murter-online.com\/it\/wp-json\/wp\/v2\/product\/52590","targetHints":{"allow":["GET"]}}],"collection":[{"href":"https:\/\/murter-online.com\/it\/wp-json\/wp\/v2\/product"}],"about":[{"href":"https:\/\/murter-online.com\/it\/wp-json\/wp\/v2\/types\/product"}],"wp:featuredmedia":[{"embeddable":true,"href":"https:\/\/murter-online.com\/it\/wp-json\/wp\/v2\/media\/34957"}],"wp:attachment":[{"href":"https:\/\/murter-online.com\/it\/wp-json\/wp\/v2\/media?parent=52590"}],"wp:term":[{"taxonomy":"product_brand","embeddable":true,"href":"https:\/\/murter-online.com\/it\/wp-json\/wp\/v2\/product_brand?post=52590"},{"taxonomy":"product_cat","embeddable":true,"href":"https:\/\/murter-online.com\/it\/wp-json\/wp\/v2\/product_cat?post=52590"},{"taxonomy":"product_tag","embeddable":true,"href":"https:\/\/murter-online.com\/it\/wp-json\/wp\/v2\/product_tag?post=52590"}],"curies":[{"name":"wp","href":"https:\/\/api.w.org\/{rel}","templated":true}]}}