{"id":52594,"date":"2025-01-06T20:53:01","date_gmt":"2025-01-06T20:53:01","guid":{"rendered":"https:\/\/murter.riot.hr\/?post_type=product&#038;p=52594"},"modified":"2025-03-29T19:28:16","modified_gmt":"2025-03-29T18:28:16","slug":"casa-al-mare-murter-podraduc-a22-id-323","status":"publish","type":"product","link":"https:\/\/murter-online.com\/it\/prodotto\/casa-al-mare-murter-podraduc-a22-id-323\/","title":{"rendered":"Casa vacanza sul mare Murter Podradu\u010d A2+2 ID 323"},"content":{"rendered":"","protected":false},"excerpt":{"rendered":"<p>La casa vacanza al mare viene affittata come oggetto indipendente. La casa si trova nella parte pi\u00f9 attraente dell&#8217;isola in un posto tranquillo e silenzioso. La terrazza davanti alla casa ha una bellissima vista sul mare e sulle isole Kornati. La casa \u00e8 completamente attrezzata. Al piano terra c&#8217;\u00e8 una camera da letto con letto matrimoniale, una toilette con bagno e un soggiorno con un divano letto che pu\u00f2 essere utilizzato come letto supplementare per 2 persone. C&#8217;\u00e8 una cucina sul ballatoio della casa. E&#8217; presente frigorifero, forno, macchina per il caff\u00e8, bollitore e tutto il necessario per la preparazione e il consumo di cibi e bevande. La casa dispone di aria condizionata e WiFi gratuito. C&#8217;\u00e8 un parcheggio gratuito davanti alla casa per gli ospiti. C&#8217;\u00e8 un barbecue che pu\u00f2 essere utilizzato gratuitamente. Durante il giorno, quando la terrazza anteriore \u00e8 soleggiata, \u00e8 possibile utilizzare la terrazza posteriore, all&#8217;ombra naturale, per stare all&#8217;aperto. Durante la mattina e la sera presto potrete trascorrere il vostro tempo sulla terrazza anteriore. La casa dispone di un ampio spazio esterno recintato, quindi \u00e8 adatta a famiglie pi\u00f9 piccole con bambini.<\/p>\n","protected":false},"featured_media":35058,"template":"","meta":{"_acf_changed":false},"product_brand":[],"product_cat":[160,166],"product_tag":[],"class_list":{"0":"post-52594","1":"product","2":"type-product","3":"status-publish","4":"has-post-thumbnail","6":"product_cat-appartamenti-con-vista-mare","7":"product_cat-case-vacanze","9":"first","10":"instock","11":"sold-individually","12":"shipping-taxable","13":"purchasable","14":"product-type-phive_booking"},"acf":[],"_links":{"self":[{"href":"https:\/\/murter-online.com\/it\/wp-json\/wp\/v2\/product\/52594","targetHints":{"allow":["GET"]}}],"collection":[{"href":"https:\/\/murter-online.com\/it\/wp-json\/wp\/v2\/product"}],"about":[{"href":"https:\/\/murter-online.com\/it\/wp-json\/wp\/v2\/types\/product"}],"wp:featuredmedia":[{"embeddable":true,"href":"https:\/\/murter-online.com\/it\/wp-json\/wp\/v2\/media\/35058"}],"wp:attachment":[{"href":"https:\/\/murter-online.com\/it\/wp-json\/wp\/v2\/media?parent=52594"}],"wp:term":[{"taxonomy":"product_brand","embeddable":true,"href":"https:\/\/murter-online.com\/it\/wp-json\/wp\/v2\/product_brand?post=52594"},{"taxonomy":"product_cat","embeddable":true,"href":"https:\/\/murter-online.com\/it\/wp-json\/wp\/v2\/product_cat?post=52594"},{"taxonomy":"product_tag","embeddable":true,"href":"https:\/\/murter-online.com\/it\/wp-json\/wp\/v2\/product_tag?post=52594"}],"curies":[{"name":"wp","href":"https:\/\/api.w.org\/{rel}","templated":true}]}}