{"id":52607,"date":"2025-01-07T07:21:48","date_gmt":"2025-01-07T07:21:48","guid":{"rendered":"https:\/\/murter.riot.hr\/?post_type=product&#038;p=52607"},"modified":"2025-03-29T19:35:26","modified_gmt":"2025-03-29T18:35:26","slug":"piccola-casa-vacanze-a-murter-a21-id-266","status":"publish","type":"product","link":"https:\/\/murter-online.com\/it\/prodotto\/piccola-casa-vacanze-a-murter-a21-id-266\/","title":{"rendered":"Casa vacanza piccola Murter A2+1 ID 266"},"content":{"rendered":"","protected":false},"excerpt":{"rendered":"<p>Una piccola casa per le vacanze si trova nella citt\u00e0 di Murter, a 250 metri dal centro di Murter in un luogo tranquillo e silenzioso. Si tratta di un edificio separato composto da una camera da letto, cucina, soggiorno e bagno con bagno. L&#8217;appartamento (casa) dista circa 450 metri dalla locale spiaggia di Luca. La casetta \u00e8 dotata di aria condizionata, internet Wi-Fi, forno e lavatrice, frigorifero con congelatore. Il parcheggio \u00e8 previsto nel cortile di fronte alla casa ed \u00e8 incluso nel prezzo dell&#8217;appartamento. C&#8217;\u00e8 una griglia esterna che pu\u00f2 essere utilizzata.<\/p>\n","protected":false},"featured_media":35326,"template":"","meta":{"_acf_changed":false},"product_brand":[],"product_cat":[166],"product_tag":[],"class_list":{"0":"post-52607","1":"product","2":"type-product","3":"status-publish","4":"has-post-thumbnail","6":"product_cat-case-vacanze","8":"first","9":"instock","10":"sold-individually","11":"shipping-taxable","12":"purchasable","13":"product-type-phive_booking"},"acf":[],"_links":{"self":[{"href":"https:\/\/murter-online.com\/it\/wp-json\/wp\/v2\/product\/52607","targetHints":{"allow":["GET"]}}],"collection":[{"href":"https:\/\/murter-online.com\/it\/wp-json\/wp\/v2\/product"}],"about":[{"href":"https:\/\/murter-online.com\/it\/wp-json\/wp\/v2\/types\/product"}],"wp:featuredmedia":[{"embeddable":true,"href":"https:\/\/murter-online.com\/it\/wp-json\/wp\/v2\/media\/35326"}],"wp:attachment":[{"href":"https:\/\/murter-online.com\/it\/wp-json\/wp\/v2\/media?parent=52607"}],"wp:term":[{"taxonomy":"product_brand","embeddable":true,"href":"https:\/\/murter-online.com\/it\/wp-json\/wp\/v2\/product_brand?post=52607"},{"taxonomy":"product_cat","embeddable":true,"href":"https:\/\/murter-online.com\/it\/wp-json\/wp\/v2\/product_cat?post=52607"},{"taxonomy":"product_tag","embeddable":true,"href":"https:\/\/murter-online.com\/it\/wp-json\/wp\/v2\/product_tag?post=52607"}],"curies":[{"name":"wp","href":"https:\/\/api.w.org\/{rel}","templated":true}]}}