{"id":52615,"date":"2025-01-20T07:18:38","date_gmt":"2025-01-20T06:18:38","guid":{"rendered":"https:\/\/murter.riot.hr\/?post_type=product&#038;p=52615"},"modified":"2025-12-31T10:12:43","modified_gmt":"2025-12-31T09:12:43","slug":"appartamento-murter-podraduc-a4-id-320","status":"publish","type":"product","link":"https:\/\/murter-online.com\/it\/prodotto\/appartamento-murter-podraduc-a4-id-320\/","title":{"rendered":"Appartamento con vista mare Podradu\u010d Murter A4 ID 320"},"content":{"rendered":"","protected":false},"excerpt":{"rendered":"<p id=\"tw-target-text\" class=\"tw-data-text tw-text-large tw-ta\" dir=\"ltr\" tabindex=\"-1\" role=\"text\" data-placeholder=\"Prijevod\" data-ved=\"2ahUKEwiO-u-lueeRAxU64wIHHUf-EdQQ3ewLegQIDBAW\" aria-label=\"Prevedeni tekst: Appartamento familiare con due camere da letto situato nella posizione pi\u00f9 attraente vicino al mare in via Murter - Podradu\u010d. Se stai cercando un alloggio vicino al mare con una vista mozzafiato in una posizione tranquilla, questo \u00e8 per te. L'appartamento ha due camere da letto dove possono dormire 4 persone e un letto supplementare (divano) nel soggiorno che pu\u00f2 essere utilizzato per dormire. La cucina \u00e8 completamente attrezzata con un grande frigorifero. L'appartamento \u00e8 situato a 70 metri dalla bella e pulita spiaggia rocciosa. C'\u00e8 una grande terrazza con vista sul mare. C'\u00e8 un parcheggio gratuito davanti alla casa. Internet Wi-Fi, aria condizionata, biancheria da letto, asciugamani e pulizia finale sono inclusi nel prezzo. C'\u00e8 un barbecue all'aperto che pu\u00f2 essere utilizzato gratuitamente.\"><span class=\"Y2IQFc\" lang=\"it\">Appartamento familiare con due camere da letto situato nella posizione pi\u00f9 attraente vicino al mare in via Murter &#8211; Podradu\u010d. Se stai cercando un alloggio vicino al mare con una vista mozzafiato in una posizione tranquilla, questo \u00e8 per te. L&#8217;appartamento ha due camere da letto dove possono dormire 4 persone e un letto supplementare (divano) nel soggiorno che pu\u00f2 essere utilizzato per dormire. La cucina \u00e8 completamente attrezzata con un grande frigorifero. L&#8217;appartamento \u00e8 situato a 70 metri dalla bella e pulita spiaggia rocciosa. C&#8217;\u00e8 una grande terrazza con vista sul mare. C&#8217;\u00e8 un parcheggio gratuito davanti alla casa. Internet Wi-Fi, aria condizionata, biancheria da letto, asciugamani e pulizia finale sono inclusi nel prezzo. C&#8217;\u00e8 un barbecue all&#8217;aperto che pu\u00f2 essere utilizzato gratuitamente.<\/span><\/p>\n","protected":false},"featured_media":59782,"template":"","meta":{"_acf_changed":false},"product_brand":[],"product_cat":[160,132,162],"product_tag":[],"class_list":{"0":"post-52615","1":"product","2":"type-product","3":"status-publish","4":"has-post-thumbnail","6":"product_cat-appartamenti-con-vista-mare","7":"product_cat-appartamenti","8":"product_cat-appartamenti-per-famiglie","10":"first","11":"instock","12":"sold-individually","13":"shipping-taxable","14":"purchasable","15":"product-type-phive_booking"},"acf":[],"_links":{"self":[{"href":"https:\/\/murter-online.com\/it\/wp-json\/wp\/v2\/product\/52615","targetHints":{"allow":["GET"]}}],"collection":[{"href":"https:\/\/murter-online.com\/it\/wp-json\/wp\/v2\/product"}],"about":[{"href":"https:\/\/murter-online.com\/it\/wp-json\/wp\/v2\/types\/product"}],"wp:featuredmedia":[{"embeddable":true,"href":"https:\/\/murter-online.com\/it\/wp-json\/wp\/v2\/media\/59782"}],"wp:attachment":[{"href":"https:\/\/murter-online.com\/it\/wp-json\/wp\/v2\/media?parent=52615"}],"wp:term":[{"taxonomy":"product_brand","embeddable":true,"href":"https:\/\/murter-online.com\/it\/wp-json\/wp\/v2\/product_brand?post=52615"},{"taxonomy":"product_cat","embeddable":true,"href":"https:\/\/murter-online.com\/it\/wp-json\/wp\/v2\/product_cat?post=52615"},{"taxonomy":"product_tag","embeddable":true,"href":"https:\/\/murter-online.com\/it\/wp-json\/wp\/v2\/product_tag?post=52615"}],"curies":[{"name":"wp","href":"https:\/\/api.w.org\/{rel}","templated":true}]}}