{"id":52619,"date":"2025-01-08T19:16:25","date_gmt":"2025-01-08T19:16:25","guid":{"rendered":"https:\/\/murter.riot.hr\/?post_type=product&#038;p=52619"},"modified":"2025-03-29T09:38:21","modified_gmt":"2025-03-29T08:38:21","slug":"casa-mobile-sea-heaven-a41-id-75","status":"publish","type":"product","link":"https:\/\/murter-online.com\/it\/prodotto\/casa-mobile-sea-heaven-a41-id-75\/","title":{"rendered":"Casa mobile sulla spiaggia Murter spiaggia Slanica A4+1 ID 75"},"content":{"rendered":"","protected":false},"excerpt":{"rendered":"<p>L&#8217;appartamento con una bellissima vista sul mare si trova in una posizione eccellente a soli 40 metri dal mare. Ha due camere da letto. Ha un bagno con doccia. L&#8217;area del balcone \/ terrazzo \u00e8 di 40 m2. L&#8217;appartamento si trova al piano terra. L&#8217;appartamento \u00e8 dotato di TV, aria condizionata, ricevitore satellitare, connessione internet wifi gratuita. Il parcheggio \u00e8 fornito e incluso nel prezzo. L&#8217;appartamento si trova a circa 1000 m dal centro e 40 m dal mare o dalla prima spiaggia di Murter. Sono ammessi animali domestici L&#8217;appartamento si trova a soli 2 minuti a piedi dalla spiaggia di Slanica e 3 minuti a piedi dal negozio. A soli 5 minuti a piedi dalla spiaggia sabbiosa Podvr\u0161ke. L&#8217;appartamento si trova a 20 minuti a piedi dal centro.<\/p>\n","protected":false},"featured_media":36036,"template":"","meta":{"_acf_changed":false},"product_brand":[],"product_cat":[160,132,162,168],"product_tag":[],"class_list":{"0":"post-52619","1":"product","2":"type-product","3":"status-publish","4":"has-post-thumbnail","6":"product_cat-appartamenti-con-vista-mare","7":"product_cat-appartamenti","8":"product_cat-appartamenti-per-famiglie","9":"product_cat-case-mobili","11":"first","12":"instock","13":"sold-individually","14":"shipping-taxable","15":"purchasable","16":"product-type-phive_booking"},"acf":[],"_links":{"self":[{"href":"https:\/\/murter-online.com\/it\/wp-json\/wp\/v2\/product\/52619","targetHints":{"allow":["GET"]}}],"collection":[{"href":"https:\/\/murter-online.com\/it\/wp-json\/wp\/v2\/product"}],"about":[{"href":"https:\/\/murter-online.com\/it\/wp-json\/wp\/v2\/types\/product"}],"wp:featuredmedia":[{"embeddable":true,"href":"https:\/\/murter-online.com\/it\/wp-json\/wp\/v2\/media\/36036"}],"wp:attachment":[{"href":"https:\/\/murter-online.com\/it\/wp-json\/wp\/v2\/media?parent=52619"}],"wp:term":[{"taxonomy":"product_brand","embeddable":true,"href":"https:\/\/murter-online.com\/it\/wp-json\/wp\/v2\/product_brand?post=52619"},{"taxonomy":"product_cat","embeddable":true,"href":"https:\/\/murter-online.com\/it\/wp-json\/wp\/v2\/product_cat?post=52619"},{"taxonomy":"product_tag","embeddable":true,"href":"https:\/\/murter-online.com\/it\/wp-json\/wp\/v2\/product_tag?post=52619"}],"curies":[{"name":"wp","href":"https:\/\/api.w.org\/{rel}","templated":true}]}}