{"id":52635,"date":"2025-01-08T19:34:24","date_gmt":"2025-01-08T19:34:24","guid":{"rendered":"https:\/\/murter.riot.hr\/?post_type=product&#038;p=52635"},"modified":"2025-04-17T10:18:09","modified_gmt":"2025-04-17T09:18:09","slug":"appartamento-podraduc-top-view-a42-id-130","status":"publish","type":"product","link":"https:\/\/murter-online.com\/it\/prodotto\/appartamento-podraduc-top-view-a42-id-130\/","title":{"rendered":"Appartamento con vista mare Podradu\u010d Top view Murter A4+2 ID 130"},"content":{"rendered":"","protected":false},"excerpt":{"rendered":"<p>L&#8217;appartamento Seaside Pearl A4 + 2 ID 80 si trova vicino alle spiagge Slanica e \u010cigra\u0111a. Offre sistemazioni con connessione Wi-Fi e parcheggio privato gratuiti. L&#8217;appartamento \u00e8 dotato di aria condizionata, TV a schermo piatto con canali satellitari e bagno privato con asciugacapelli. C&#8217;\u00e8 anche una cucina completamente attrezzata con forno a microonde, frigorifero, piano cottura, bollitore elettrico, macchina da caff\u00e8 e zona pranzo. Il prezzo di 157 euro al giorno \u00e8 formato per 4 persone. Se nell&#8217;appartamento ci sono 5 persone, il prezzo sar\u00e0 di 176 euro \/ appartamento \/ giorno. Se nell&#8217;appartamento ci sono 6 persone, il prezzo sar\u00e0 di 195 euro \/ appartamento \/ giorno.<\/p>\n","protected":false},"featured_media":36408,"template":"","meta":{"_acf_changed":false},"product_brand":[],"product_cat":[160,132,162],"product_tag":[],"class_list":{"0":"post-52635","1":"product","2":"type-product","3":"status-publish","4":"has-post-thumbnail","6":"product_cat-appartamenti-con-vista-mare","7":"product_cat-appartamenti","8":"product_cat-appartamenti-per-famiglie","10":"first","11":"instock","12":"sold-individually","13":"shipping-taxable","14":"purchasable","15":"product-type-phive_booking"},"acf":[],"_links":{"self":[{"href":"https:\/\/murter-online.com\/it\/wp-json\/wp\/v2\/product\/52635","targetHints":{"allow":["GET"]}}],"collection":[{"href":"https:\/\/murter-online.com\/it\/wp-json\/wp\/v2\/product"}],"about":[{"href":"https:\/\/murter-online.com\/it\/wp-json\/wp\/v2\/types\/product"}],"wp:featuredmedia":[{"embeddable":true,"href":"https:\/\/murter-online.com\/it\/wp-json\/wp\/v2\/media\/36408"}],"wp:attachment":[{"href":"https:\/\/murter-online.com\/it\/wp-json\/wp\/v2\/media?parent=52635"}],"wp:term":[{"taxonomy":"product_brand","embeddable":true,"href":"https:\/\/murter-online.com\/it\/wp-json\/wp\/v2\/product_brand?post=52635"},{"taxonomy":"product_cat","embeddable":true,"href":"https:\/\/murter-online.com\/it\/wp-json\/wp\/v2\/product_cat?post=52635"},{"taxonomy":"product_tag","embeddable":true,"href":"https:\/\/murter-online.com\/it\/wp-json\/wp\/v2\/product_tag?post=52635"}],"curies":[{"name":"wp","href":"https:\/\/api.w.org\/{rel}","templated":true}]}}