{"id":52658,"date":"2025-01-08T20:32:44","date_gmt":"2025-01-08T20:32:44","guid":{"rendered":"https:\/\/murter.riot.hr\/?post_type=product&#038;p=52658"},"modified":"2025-04-12T07:38:40","modified_gmt":"2025-04-12T06:38:40","slug":"appartamento-adelaide-podraduc-murter-a41-id-15","status":"publish","type":"product","link":"https:\/\/murter-online.com\/it\/prodotto\/appartamento-adelaide-podraduc-murter-a41-id-15\/","title":{"rendered":"Appartamentoal mare Adelaide Podradu\u010d Murter A4+1 ID 15"},"content":{"rendered":"","protected":false},"excerpt":{"rendered":"<p>Appartamento con una bellissima vista sul mare \u00e8 situato in una posizione eccellente a soli 30m. lontano dal mare. L&#8217;appartamento \u00e8 dotato di tv, aria condizionata, ricevitore satellitare. L&#8217;appartamento ha un bagno con doccia. C&#8217;\u00e8 un soggiorno che pu\u00f2 essere utilizzato per dormire. La zona giorno \u00e8 di 50 m2. e il balcone \/ terrazzo \u00e8 di 12 m2. Nell&#8217;appartamento possono dormire 5 persone sui letti principali e 1 persona su un divano letto nel soggiorno. L&#8217;appartamento si trova al secondo piano. Animali domestici &#8211; non ammessi. L&#8217;appartamento ha il suo parcheggio gratuito. L&#8217;appartamento si trova a 2000 metri dal centro e circa 50 metri dal mare o dalla prima spiaggia di Murter.<\/p>\n","protected":false},"featured_media":36836,"template":"","meta":{"_acf_changed":false},"product_brand":[],"product_cat":[160,132,162],"product_tag":[],"class_list":{"0":"post-52658","1":"product","2":"type-product","3":"status-publish","4":"has-post-thumbnail","6":"product_cat-appartamenti-con-vista-mare","7":"product_cat-appartamenti","8":"product_cat-appartamenti-per-famiglie","10":"first","11":"instock","12":"sold-individually","13":"shipping-taxable","14":"purchasable","15":"product-type-phive_booking"},"acf":[],"_links":{"self":[{"href":"https:\/\/murter-online.com\/it\/wp-json\/wp\/v2\/product\/52658","targetHints":{"allow":["GET"]}}],"collection":[{"href":"https:\/\/murter-online.com\/it\/wp-json\/wp\/v2\/product"}],"about":[{"href":"https:\/\/murter-online.com\/it\/wp-json\/wp\/v2\/types\/product"}],"wp:featuredmedia":[{"embeddable":true,"href":"https:\/\/murter-online.com\/it\/wp-json\/wp\/v2\/media\/36836"}],"wp:attachment":[{"href":"https:\/\/murter-online.com\/it\/wp-json\/wp\/v2\/media?parent=52658"}],"wp:term":[{"taxonomy":"product_brand","embeddable":true,"href":"https:\/\/murter-online.com\/it\/wp-json\/wp\/v2\/product_brand?post=52658"},{"taxonomy":"product_cat","embeddable":true,"href":"https:\/\/murter-online.com\/it\/wp-json\/wp\/v2\/product_cat?post=52658"},{"taxonomy":"product_tag","embeddable":true,"href":"https:\/\/murter-online.com\/it\/wp-json\/wp\/v2\/product_tag?post=52658"}],"curies":[{"name":"wp","href":"https:\/\/api.w.org\/{rel}","templated":true}]}}