{"id":52662,"date":"2025-01-08T21:33:21","date_gmt":"2025-01-08T21:33:21","guid":{"rendered":"https:\/\/murter.riot.hr\/?post_type=product&#038;p=52662"},"modified":"2025-04-25T10:51:39","modified_gmt":"2025-04-25T09:51:39","slug":"appartamento-spiaggia-podvrske-murter-2-a4-id-31","status":"publish","type":"product","link":"https:\/\/murter-online.com\/it\/prodotto\/appartamento-spiaggia-podvrske-murter-2-a4-id-31\/","title":{"rendered":"Appartamento familiare Spiaggia Podvr\u0161ke Murter 2 A4 ID 31"},"content":{"rendered":"","protected":false},"excerpt":{"rendered":"<p>L&#8217;appartamento si trova in una posizione eccellente solo 300 metri dal mare. L&#8217;appartamento ha una superficie di 65 m2. ha due camere da letto dove possono dormire 4 adulti. Ha un soggiorno. Ha un bagno con doccia. L&#8217;area della terrazza\/balcone \u00e8 10 m2. L&#8217;appartamento si trova al primo piano della casa. L&#8217;appartamento \u00e8 dotato di tv, aria condizionata. Il parcheggio \u00e8 assicurato e incluso nel prezzo.<\/p>\n","protected":false},"featured_media":36928,"template":"","meta":{"_acf_changed":false},"product_brand":[],"product_cat":[132,162],"product_tag":[],"class_list":{"0":"post-52662","1":"product","2":"type-product","3":"status-publish","4":"has-post-thumbnail","6":"product_cat-appartamenti","7":"product_cat-appartamenti-per-famiglie","9":"first","10":"instock","11":"sold-individually","12":"shipping-taxable","13":"purchasable","14":"product-type-phive_booking"},"acf":[],"_links":{"self":[{"href":"https:\/\/murter-online.com\/it\/wp-json\/wp\/v2\/product\/52662","targetHints":{"allow":["GET"]}}],"collection":[{"href":"https:\/\/murter-online.com\/it\/wp-json\/wp\/v2\/product"}],"about":[{"href":"https:\/\/murter-online.com\/it\/wp-json\/wp\/v2\/types\/product"}],"wp:featuredmedia":[{"embeddable":true,"href":"https:\/\/murter-online.com\/it\/wp-json\/wp\/v2\/media\/36928"}],"wp:attachment":[{"href":"https:\/\/murter-online.com\/it\/wp-json\/wp\/v2\/media?parent=52662"}],"wp:term":[{"taxonomy":"product_brand","embeddable":true,"href":"https:\/\/murter-online.com\/it\/wp-json\/wp\/v2\/product_brand?post=52662"},{"taxonomy":"product_cat","embeddable":true,"href":"https:\/\/murter-online.com\/it\/wp-json\/wp\/v2\/product_cat?post=52662"},{"taxonomy":"product_tag","embeddable":true,"href":"https:\/\/murter-online.com\/it\/wp-json\/wp\/v2\/product_tag?post=52662"}],"curies":[{"name":"wp","href":"https:\/\/api.w.org\/{rel}","templated":true}]}}