{"id":52667,"date":"2025-01-08T21:38:51","date_gmt":"2025-01-08T20:38:51","guid":{"rendered":"https:\/\/murter.riot.hr\/?post_type=product&#038;p=52667"},"modified":"2026-03-06T21:41:25","modified_gmt":"2026-03-06T20:41:25","slug":"appartamento-charming-central-luke-beach-a41","status":"publish","type":"product","link":"https:\/\/murter-online.com\/it\/prodotto\/appartamento-charming-central-luke-beach-a41\/","title":{"rendered":"Appartamento familiare vicino la spiaggia di Luke Charming Central Murter A4+1"},"content":{"rendered":"","protected":false},"excerpt":{"rendered":"<p>Bellissimo appartamento con due camere da letto dove possono dormire 4 adulti. L&#8217;appartamento \u00e8 composto da soggiorno con divano che pu\u00f2 essere utilizzato come letto supplementare per una persona.L&#8217;appartamento si trova in una posizione eccellente, a 150 metri dalla spiaggia Luca ea 600 metri dal centro di Murter. L&#8217;appartamento \u00e8 dotato di aria condizionata, WiFi, lavatrice e lavastoviglie, la cucina \u00e8 completamente attrezzata. C&#8217;\u00e8 un parcheggio gratuito per l&#8217;auto davanti all&#8217;appartamento.<\/p>\n","protected":false},"featured_media":37440,"template":"","meta":{"_acf_changed":false},"product_brand":[],"product_cat":[132,162],"product_tag":[],"class_list":{"0":"post-52667","1":"product","2":"type-product","3":"status-publish","4":"has-post-thumbnail","6":"product_cat-appartamenti","7":"product_cat-appartamenti-per-famiglie","9":"first","10":"instock","11":"sold-individually","12":"shipping-taxable","13":"purchasable","14":"product-type-phive_booking"},"acf":[],"_links":{"self":[{"href":"https:\/\/murter-online.com\/it\/wp-json\/wp\/v2\/product\/52667","targetHints":{"allow":["GET"]}}],"collection":[{"href":"https:\/\/murter-online.com\/it\/wp-json\/wp\/v2\/product"}],"about":[{"href":"https:\/\/murter-online.com\/it\/wp-json\/wp\/v2\/types\/product"}],"wp:featuredmedia":[{"embeddable":true,"href":"https:\/\/murter-online.com\/it\/wp-json\/wp\/v2\/media\/37440"}],"wp:attachment":[{"href":"https:\/\/murter-online.com\/it\/wp-json\/wp\/v2\/media?parent=52667"}],"wp:term":[{"taxonomy":"product_brand","embeddable":true,"href":"https:\/\/murter-online.com\/it\/wp-json\/wp\/v2\/product_brand?post=52667"},{"taxonomy":"product_cat","embeddable":true,"href":"https:\/\/murter-online.com\/it\/wp-json\/wp\/v2\/product_cat?post=52667"},{"taxonomy":"product_tag","embeddable":true,"href":"https:\/\/murter-online.com\/it\/wp-json\/wp\/v2\/product_tag?post=52667"}],"curies":[{"name":"wp","href":"https:\/\/api.w.org\/{rel}","templated":true}]}}