{"id":52683,"date":"2025-01-09T19:24:15","date_gmt":"2025-01-09T19:24:15","guid":{"rendered":"https:\/\/murter.riot.hr\/?post_type=product&#038;p=52683"},"modified":"2025-01-28T10:02:07","modified_gmt":"2025-01-28T10:02:07","slug":"appartamento-cigrada-murter-4-a4-2-id-243","status":"publish","type":"product","link":"https:\/\/murter-online.com\/it\/prodotto\/appartamento-cigrada-murter-4-a4-2-id-243\/","title":{"rendered":"Appartamento \u010cigra\u0111a Murter 4 A4 + 2 ID 243"},"content":{"rendered":"","protected":false},"excerpt":{"rendered":"<p>Appartamento con due camere da letto con vista mare! L&#8217;appartamento si trova vicino alla spiaggia \u010cigra\u0111a. L&#8217;appartamento ha due camere da letto. L&#8217;appartamento ha un soggiorno che pu\u00f2 essere utilizzato per dormire. L&#8217;appartamento pu\u00f2 ospitare un massimo di 6 adulti. La cucina \u00e8 completamente equipaggiata. L&#8217;appartamento \u00e8 dotato di aria condizionata e Wi-Fi &#8211; internet. Il parcheggio \u00e8 gratuito e custodito di fronte all&#8217;appartamento nel cortile. C&#8217;\u00e8 una griglia all&#8217;aperto che pu\u00f2 essere utilizzata.<\/p>\n","protected":false},"featured_media":40396,"template":"","meta":{"_acf_changed":false},"product_brand":[],"product_cat":[160,132,162],"product_tag":[],"class_list":{"0":"post-52683","1":"product","2":"type-product","3":"status-publish","4":"has-post-thumbnail","6":"product_cat-appartamenti-con-vista-mare","7":"product_cat-appartamenti","8":"product_cat-appartamenti-per-famiglie","10":"first","11":"instock","12":"sold-individually","13":"shipping-taxable","14":"purchasable","15":"product-type-phive_booking"},"acf":[],"_links":{"self":[{"href":"https:\/\/murter-online.com\/it\/wp-json\/wp\/v2\/product\/52683","targetHints":{"allow":["GET"]}}],"collection":[{"href":"https:\/\/murter-online.com\/it\/wp-json\/wp\/v2\/product"}],"about":[{"href":"https:\/\/murter-online.com\/it\/wp-json\/wp\/v2\/types\/product"}],"wp:featuredmedia":[{"embeddable":true,"href":"https:\/\/murter-online.com\/it\/wp-json\/wp\/v2\/media\/40396"}],"wp:attachment":[{"href":"https:\/\/murter-online.com\/it\/wp-json\/wp\/v2\/media?parent=52683"}],"wp:term":[{"taxonomy":"product_brand","embeddable":true,"href":"https:\/\/murter-online.com\/it\/wp-json\/wp\/v2\/product_brand?post=52683"},{"taxonomy":"product_cat","embeddable":true,"href":"https:\/\/murter-online.com\/it\/wp-json\/wp\/v2\/product_cat?post=52683"},{"taxonomy":"product_tag","embeddable":true,"href":"https:\/\/murter-online.com\/it\/wp-json\/wp\/v2\/product_tag?post=52683"}],"curies":[{"name":"wp","href":"https:\/\/api.w.org\/{rel}","templated":true}]}}