{"id":52687,"date":"2025-01-09T19:29:40","date_gmt":"2025-01-09T19:29:40","guid":{"rendered":"https:\/\/murter.riot.hr\/?post_type=product&#038;p=52687"},"modified":"2025-01-28T10:09:59","modified_gmt":"2025-01-28T10:09:59","slug":"appartamento-cigrada-murter-5-a4-2-id-244","status":"publish","type":"product","link":"https:\/\/murter-online.com\/it\/prodotto\/appartamento-cigrada-murter-5-a4-2-id-244\/","title":{"rendered":"Appartamento \u010cigra\u0111a Murter 5 A4 + 2 ID 244"},"content":{"rendered":"","protected":false},"excerpt":{"rendered":"<p>Appartamento con due camere da letto con terrazzo! L&#8217;appartamento si trova vicino alla spiaggia \u010cigra\u0111a. L&#8217;appartamento ha due camere da letto. L&#8217;appartamento ha un soggiorno che pu\u00f2 essere utilizzato per dormire. L&#8217;appartamento pu\u00f2 ospitare un massimo di 6 adulti. La cucina \u00e8 completamente equipaggiata. L&#8217;appartamento \u00e8 dotato di aria condizionata e Wi-Fi &#8211; internet. Il parcheggio \u00e8 gratuito e custodito di fronte all&#8217;appartamento nel cortile. C&#8217;\u00e8 una griglia all&#8217;aperto che pu\u00f2 essere utilizzata.<\/p>\n","protected":false},"featured_media":40515,"template":"","meta":{"_acf_changed":false},"product_brand":[],"product_cat":[132,162],"product_tag":[],"class_list":{"0":"post-52687","1":"product","2":"type-product","3":"status-publish","4":"has-post-thumbnail","6":"product_cat-appartamenti","7":"product_cat-appartamenti-per-famiglie","9":"first","10":"instock","11":"sold-individually","12":"shipping-taxable","13":"purchasable","14":"product-type-phive_booking"},"acf":[],"_links":{"self":[{"href":"https:\/\/murter-online.com\/it\/wp-json\/wp\/v2\/product\/52687","targetHints":{"allow":["GET"]}}],"collection":[{"href":"https:\/\/murter-online.com\/it\/wp-json\/wp\/v2\/product"}],"about":[{"href":"https:\/\/murter-online.com\/it\/wp-json\/wp\/v2\/types\/product"}],"wp:featuredmedia":[{"embeddable":true,"href":"https:\/\/murter-online.com\/it\/wp-json\/wp\/v2\/media\/40515"}],"wp:attachment":[{"href":"https:\/\/murter-online.com\/it\/wp-json\/wp\/v2\/media?parent=52687"}],"wp:term":[{"taxonomy":"product_brand","embeddable":true,"href":"https:\/\/murter-online.com\/it\/wp-json\/wp\/v2\/product_brand?post=52687"},{"taxonomy":"product_cat","embeddable":true,"href":"https:\/\/murter-online.com\/it\/wp-json\/wp\/v2\/product_cat?post=52687"},{"taxonomy":"product_tag","embeddable":true,"href":"https:\/\/murter-online.com\/it\/wp-json\/wp\/v2\/product_tag?post=52687"}],"curies":[{"name":"wp","href":"https:\/\/api.w.org\/{rel}","templated":true}]}}