{"id":52691,"date":"2025-01-09T19:37:09","date_gmt":"2025-01-09T19:37:09","guid":{"rendered":"https:\/\/murter.riot.hr\/?post_type=product&#038;p=52691"},"modified":"2025-04-19T09:05:46","modified_gmt":"2025-04-19T08:05:46","slug":"appartamento-cigrada-pool-paradise-a6-id-135","status":"publish","type":"product","link":"https:\/\/murter-online.com\/it\/prodotto\/appartamento-cigrada-pool-paradise-a6-id-135\/","title":{"rendered":"Appartamento con piscina Pool Paradise Murter A6 ID 135"},"content":{"rendered":"","protected":false},"excerpt":{"rendered":"<p>L&#8217;appartamento dista circa 750 metri dal mare. L&#8217;appartamento ha una superficie di 45 m2. Dispone di due camere da letto dove possono dormire 6 adulti. Non c&#8217;\u00e8 soggiorno. Dispone di un bagno con doccia. L&#8217;area del balcone \/ terrazzo \u00e8 di 15 m2. L&#8217;appartamento si trova al piano terra. L&#8217;appartamento \u00e8 dotato di TV, aria condizionata, ricevitore satellitare, forno, connessione internet wifi gratuita. Il parcheggio \u00e8 previsto e incluso nel prezzo. Animali domestici su richiesta. C&#8217;\u00e8 una piscina all&#8217;aperto che pu\u00f2 essere utilizzata<\/p>\n","protected":false},"featured_media":40603,"template":"","meta":{"_acf_changed":false},"product_brand":[],"product_cat":[161,132,162],"product_tag":[],"class_list":{"0":"post-52691","1":"product","2":"type-product","3":"status-publish","4":"has-post-thumbnail","6":"product_cat-appartamenti-con-piscina","7":"product_cat-appartamenti","8":"product_cat-appartamenti-per-famiglie","10":"first","11":"instock","12":"sold-individually","13":"shipping-taxable","14":"purchasable","15":"product-type-phive_booking"},"acf":[],"_links":{"self":[{"href":"https:\/\/murter-online.com\/it\/wp-json\/wp\/v2\/product\/52691","targetHints":{"allow":["GET"]}}],"collection":[{"href":"https:\/\/murter-online.com\/it\/wp-json\/wp\/v2\/product"}],"about":[{"href":"https:\/\/murter-online.com\/it\/wp-json\/wp\/v2\/types\/product"}],"wp:featuredmedia":[{"embeddable":true,"href":"https:\/\/murter-online.com\/it\/wp-json\/wp\/v2\/media\/40603"}],"wp:attachment":[{"href":"https:\/\/murter-online.com\/it\/wp-json\/wp\/v2\/media?parent=52691"}],"wp:term":[{"taxonomy":"product_brand","embeddable":true,"href":"https:\/\/murter-online.com\/it\/wp-json\/wp\/v2\/product_brand?post=52691"},{"taxonomy":"product_cat","embeddable":true,"href":"https:\/\/murter-online.com\/it\/wp-json\/wp\/v2\/product_cat?post=52691"},{"taxonomy":"product_tag","embeddable":true,"href":"https:\/\/murter-online.com\/it\/wp-json\/wp\/v2\/product_tag?post=52691"}],"curies":[{"name":"wp","href":"https:\/\/api.w.org\/{rel}","templated":true}]}}