{"id":52711,"date":"2025-01-09T20:25:44","date_gmt":"2025-01-09T20:25:44","guid":{"rendered":"https:\/\/murter.riot.hr\/?post_type=product&#038;p=52711"},"modified":"2025-04-25T20:40:40","modified_gmt":"2025-04-25T19:40:40","slug":"appartamento-green-garden-murter-a4-id-100","status":"publish","type":"product","link":"https:\/\/murter-online.com\/it\/prodotto\/appartamento-green-garden-murter-a4-id-100\/","title":{"rendered":"Appartamento familiare Green Garden Murter A4 ID 100"},"content":{"rendered":"","protected":false},"excerpt":{"rendered":"<p>L&#8217;appartamento \u00e8 vicino al centro. Si trova a circa 350 metri dalla spiaggia pi\u00f9 vicina. L&#8217;appartamento \u00e8 composto da due camere doppie e un letto aggiuntivo per un&#8217;altra persona. C&#8217;\u00e8 una griglia esterna nel cortile che puoi usare. Il prezzo comprende pulizia, asciugamani e biancheria da letto.<\/p>\n","protected":false},"featured_media":55066,"template":"","meta":{"_acf_changed":false},"product_brand":[],"product_cat":[132,162],"product_tag":[],"class_list":{"0":"post-52711","1":"product","2":"type-product","3":"status-publish","4":"has-post-thumbnail","6":"product_cat-appartamenti","7":"product_cat-appartamenti-per-famiglie","9":"first","10":"instock","11":"sold-individually","12":"shipping-taxable","13":"purchasable","14":"product-type-phive_booking"},"acf":[],"_links":{"self":[{"href":"https:\/\/murter-online.com\/it\/wp-json\/wp\/v2\/product\/52711","targetHints":{"allow":["GET"]}}],"collection":[{"href":"https:\/\/murter-online.com\/it\/wp-json\/wp\/v2\/product"}],"about":[{"href":"https:\/\/murter-online.com\/it\/wp-json\/wp\/v2\/types\/product"}],"wp:featuredmedia":[{"embeddable":true,"href":"https:\/\/murter-online.com\/it\/wp-json\/wp\/v2\/media\/55066"}],"wp:attachment":[{"href":"https:\/\/murter-online.com\/it\/wp-json\/wp\/v2\/media?parent=52711"}],"wp:term":[{"taxonomy":"product_brand","embeddable":true,"href":"https:\/\/murter-online.com\/it\/wp-json\/wp\/v2\/product_brand?post=52711"},{"taxonomy":"product_cat","embeddable":true,"href":"https:\/\/murter-online.com\/it\/wp-json\/wp\/v2\/product_cat?post=52711"},{"taxonomy":"product_tag","embeddable":true,"href":"https:\/\/murter-online.com\/it\/wp-json\/wp\/v2\/product_tag?post=52711"}],"curies":[{"name":"wp","href":"https:\/\/api.w.org\/{rel}","templated":true}]}}