{"id":52729,"date":"2025-01-09T20:53:12","date_gmt":"2025-01-09T20:53:12","guid":{"rendered":"https:\/\/murter.riot.hr\/?post_type=product&#038;p=52729"},"modified":"2025-04-19T19:50:03","modified_gmt":"2025-04-19T18:50:03","slug":"casa-mobile-con-piscina-podvrske-murter-4-a42-2","status":"publish","type":"product","link":"https:\/\/murter-online.com\/it\/prodotto\/casa-mobile-con-piscina-podvrske-murter-4-a42-2\/","title":{"rendered":"Casa mobile con piscina e con posto per la barca Murter spiaggia Podvr\u0161ke 4 A4+2"},"content":{"rendered":"","protected":false},"excerpt":{"rendered":"<p>Nuovo appartamento \u00e8 situato in una posizione eccellente a soli 200 m. lontano dal mare. L&#8217;appartamento \u00e8 dotato di tv, aria condizionata, ricevitore satellitare, lavastoviglie, connessione internet Wi-Fi GRATUITA. L&#8217;appartamento dispone di due bagni con doccia. C&#8217;\u00e8 un soggiorno che pu\u00f2 essere utilizzato per dormire. La zona giorno \u00e8 di 35 m2. e il balcone \/ terrazzo \u00e8 di 20 m2. Ci sono due camere da letto dove possono dormire 4 adulti. L&#8217;appartamento si trova al piano terra. Animali domestici &#8211; non ammessi. L&#8217;appartamento dispone di un proprio parcheggio gratuito. L&#8217;appartamento ha il proprio molo per la barca, che pu\u00f2 essere addebitato a parte. C&#8217;\u00e8 un barbecue all&#8217;aperto. L&#8217;appartamento \u00e8 a 700m. dal centro e circa 200m. lontano dal mare o dalla prima spiaggia di Murter.<\/p>\n","protected":false},"featured_media":41579,"template":"","meta":{"_acf_changed":false},"product_brand":[],"product_cat":[161,163,162,168],"product_tag":[],"class_list":{"0":"post-52729","1":"product","2":"type-product","3":"status-publish","4":"has-post-thumbnail","6":"product_cat-appartamenti-con-piscina","7":"product_cat-appartamenti-con-posto-barca","8":"product_cat-appartamenti-per-famiglie","9":"product_cat-case-mobili","11":"first","12":"instock","13":"sold-individually","14":"shipping-taxable","15":"purchasable","16":"product-type-phive_booking"},"acf":[],"_links":{"self":[{"href":"https:\/\/murter-online.com\/it\/wp-json\/wp\/v2\/product\/52729","targetHints":{"allow":["GET"]}}],"collection":[{"href":"https:\/\/murter-online.com\/it\/wp-json\/wp\/v2\/product"}],"about":[{"href":"https:\/\/murter-online.com\/it\/wp-json\/wp\/v2\/types\/product"}],"wp:featuredmedia":[{"embeddable":true,"href":"https:\/\/murter-online.com\/it\/wp-json\/wp\/v2\/media\/41579"}],"wp:attachment":[{"href":"https:\/\/murter-online.com\/it\/wp-json\/wp\/v2\/media?parent=52729"}],"wp:term":[{"taxonomy":"product_brand","embeddable":true,"href":"https:\/\/murter-online.com\/it\/wp-json\/wp\/v2\/product_brand?post=52729"},{"taxonomy":"product_cat","embeddable":true,"href":"https:\/\/murter-online.com\/it\/wp-json\/wp\/v2\/product_cat?post=52729"},{"taxonomy":"product_tag","embeddable":true,"href":"https:\/\/murter-online.com\/it\/wp-json\/wp\/v2\/product_tag?post=52729"}],"curies":[{"name":"wp","href":"https:\/\/api.w.org\/{rel}","templated":true}]}}