{"id":52733,"date":"2025-01-09T20:57:37","date_gmt":"2025-01-09T20:57:37","guid":{"rendered":"https:\/\/murter.riot.hr\/?post_type=product&#038;p=52733"},"modified":"2025-01-29T10:35:17","modified_gmt":"2025-01-29T10:35:17","slug":"appartamento-nella-parte-vecchia-di-murter-a41","status":"publish","type":"product","link":"https:\/\/murter-online.com\/it\/prodotto\/appartamento-nella-parte-vecchia-di-murter-a41\/","title":{"rendered":"Appartamento nella parte vecchia di Murter A4+1"},"content":{"rendered":"","protected":false},"excerpt":{"rendered":"<p>L&#8217;appartamento si trova nella parte vecchia di Murter. L&#8217;appartamento ha due camere da letto dove possono dormire 4 adulti. C&#8217;\u00e8 un divano (letto extra), nel soggiorno, che pu\u00f2 essere utilizzato per dormire. L&#8217;appartamento non dispone di balcone o terrazzo. L&#8217;appartamento \u00e8 dotato di internet Wi-Fi, aria condizionata, lavastoviglie, lavatrice. L&#8217;appartamento dispone di due posti auto gratuiti.<\/p>\n","protected":false},"featured_media":41779,"template":"","meta":{"_acf_changed":false},"product_brand":[],"product_cat":[132,162],"product_tag":[],"class_list":{"0":"post-52733","1":"product","2":"type-product","3":"status-publish","4":"has-post-thumbnail","6":"product_cat-appartamenti","7":"product_cat-appartamenti-per-famiglie","9":"first","10":"instock","11":"sold-individually","12":"shipping-taxable","13":"purchasable","14":"product-type-phive_booking"},"acf":[],"_links":{"self":[{"href":"https:\/\/murter-online.com\/it\/wp-json\/wp\/v2\/product\/52733","targetHints":{"allow":["GET"]}}],"collection":[{"href":"https:\/\/murter-online.com\/it\/wp-json\/wp\/v2\/product"}],"about":[{"href":"https:\/\/murter-online.com\/it\/wp-json\/wp\/v2\/types\/product"}],"wp:featuredmedia":[{"embeddable":true,"href":"https:\/\/murter-online.com\/it\/wp-json\/wp\/v2\/media\/41779"}],"wp:attachment":[{"href":"https:\/\/murter-online.com\/it\/wp-json\/wp\/v2\/media?parent=52733"}],"wp:term":[{"taxonomy":"product_brand","embeddable":true,"href":"https:\/\/murter-online.com\/it\/wp-json\/wp\/v2\/product_brand?post=52733"},{"taxonomy":"product_cat","embeddable":true,"href":"https:\/\/murter-online.com\/it\/wp-json\/wp\/v2\/product_cat?post=52733"},{"taxonomy":"product_tag","embeddable":true,"href":"https:\/\/murter-online.com\/it\/wp-json\/wp\/v2\/product_tag?post=52733"}],"curies":[{"name":"wp","href":"https:\/\/api.w.org\/{rel}","templated":true}]}}