{"id":52741,"date":"2025-01-09T21:35:59","date_gmt":"2025-01-09T21:35:59","guid":{"rendered":"https:\/\/murter.riot.hr\/?post_type=product&#038;p=52741"},"modified":"2025-04-13T07:41:20","modified_gmt":"2025-04-13T06:41:20","slug":"appartamento-jezera-centro-vista-mare-a41-id-141","status":"publish","type":"product","link":"https:\/\/murter-online.com\/it\/prodotto\/appartamento-jezera-centro-vista-mare-a41-id-141\/","title":{"rendered":"Appartamento al mare in Jezera isola Murter A4+1 ID 141"},"content":{"rendered":"","protected":false},"excerpt":{"rendered":"<p>L&#8217;appartamento si trova a Jezera sull&#8217;isola di Murter. L&#8217;appartamento ha una vista sul mare! L&#8217;appartamento si trova vicino alla spiaggia locale Zarati\u0107! L&#8217;appartamento dispone di un posto barca per una barca. Ci sono 2 camere da letto dove possono dormire 4 persone. C&#8217;\u00e8 un soggiorno che pu\u00f2 essere utilizzato per dormire. C&#8217;\u00e8 un divano letto per 1 persona. La cucina \u00e8 completamente attrezzata.<\/p>\n","protected":false},"featured_media":41935,"template":"","meta":{"_acf_changed":false},"product_brand":[],"product_cat":[163,160,132],"product_tag":[],"class_list":{"0":"post-52741","1":"product","2":"type-product","3":"status-publish","4":"has-post-thumbnail","6":"product_cat-appartamenti-con-posto-barca","7":"product_cat-appartamenti-con-vista-mare","8":"product_cat-appartamenti","10":"first","11":"instock","12":"sold-individually","13":"shipping-taxable","14":"purchasable","15":"product-type-phive_booking"},"acf":[],"_links":{"self":[{"href":"https:\/\/murter-online.com\/it\/wp-json\/wp\/v2\/product\/52741","targetHints":{"allow":["GET"]}}],"collection":[{"href":"https:\/\/murter-online.com\/it\/wp-json\/wp\/v2\/product"}],"about":[{"href":"https:\/\/murter-online.com\/it\/wp-json\/wp\/v2\/types\/product"}],"wp:featuredmedia":[{"embeddable":true,"href":"https:\/\/murter-online.com\/it\/wp-json\/wp\/v2\/media\/41935"}],"wp:attachment":[{"href":"https:\/\/murter-online.com\/it\/wp-json\/wp\/v2\/media?parent=52741"}],"wp:term":[{"taxonomy":"product_brand","embeddable":true,"href":"https:\/\/murter-online.com\/it\/wp-json\/wp\/v2\/product_brand?post=52741"},{"taxonomy":"product_cat","embeddable":true,"href":"https:\/\/murter-online.com\/it\/wp-json\/wp\/v2\/product_cat?post=52741"},{"taxonomy":"product_tag","embeddable":true,"href":"https:\/\/murter-online.com\/it\/wp-json\/wp\/v2\/product_tag?post=52741"}],"curies":[{"name":"wp","href":"https:\/\/api.w.org\/{rel}","templated":true}]}}