{"id":52764,"date":"2025-01-12T08:42:59","date_gmt":"2025-01-12T08:42:59","guid":{"rendered":"https:\/\/murter.riot.hr\/?post_type=product&#038;p=52764"},"modified":"2025-04-26T07:15:52","modified_gmt":"2025-04-26T06:15:52","slug":"appartamento-kornatska-peacefull-spot-a4-id-113","status":"publish","type":"product","link":"https:\/\/murter-online.com\/it\/prodotto\/appartamento-kornatska-peacefull-spot-a4-id-113\/","title":{"rendered":"Appartamento per 4 persone Kornatska Peacefull Spot Murter A4 ID 113"},"content":{"rendered":"","protected":false},"excerpt":{"rendered":"<p>L&#8217;appartamento si trova a circa 250 metri dal mare. L&#8217;appartamento ha una superficie di 50 m2. Dispone di due camere da letto dove possono dormire 4 adulti. Dispone di un bagno con doccia. L&#8217;area del balcone \/ terrazzo \u00e8 di 10 m2. L&#8217;appartamento si trova al primo piano. L&#8217;appartamento \u00e8 dotato di TV, aria condizionata, ricevitore satellitare, forno, connessione internet wifi gratuita. Il parcheggio \u00e8 previsto e incluso nel prezzo. L&#8217;appartamento si trova a circa 350 m dal centro e 250 m dal mare o dalla prima spiaggia di Murter.<\/p>\n","protected":false},"featured_media":45031,"template":"","meta":{"_acf_changed":false},"product_brand":[],"product_cat":[132,162],"product_tag":[],"class_list":{"0":"post-52764","1":"product","2":"type-product","3":"status-publish","4":"has-post-thumbnail","6":"product_cat-appartamenti","7":"product_cat-appartamenti-per-famiglie","9":"first","10":"instock","11":"sold-individually","12":"shipping-taxable","13":"purchasable","14":"product-type-phive_booking"},"acf":[],"_links":{"self":[{"href":"https:\/\/murter-online.com\/it\/wp-json\/wp\/v2\/product\/52764","targetHints":{"allow":["GET"]}}],"collection":[{"href":"https:\/\/murter-online.com\/it\/wp-json\/wp\/v2\/product"}],"about":[{"href":"https:\/\/murter-online.com\/it\/wp-json\/wp\/v2\/types\/product"}],"wp:featuredmedia":[{"embeddable":true,"href":"https:\/\/murter-online.com\/it\/wp-json\/wp\/v2\/media\/45031"}],"wp:attachment":[{"href":"https:\/\/murter-online.com\/it\/wp-json\/wp\/v2\/media?parent=52764"}],"wp:term":[{"taxonomy":"product_brand","embeddable":true,"href":"https:\/\/murter-online.com\/it\/wp-json\/wp\/v2\/product_brand?post=52764"},{"taxonomy":"product_cat","embeddable":true,"href":"https:\/\/murter-online.com\/it\/wp-json\/wp\/v2\/product_cat?post=52764"},{"taxonomy":"product_tag","embeddable":true,"href":"https:\/\/murter-online.com\/it\/wp-json\/wp\/v2\/product_tag?post=52764"}],"curies":[{"name":"wp","href":"https:\/\/api.w.org\/{rel}","templated":true}]}}