{"id":52778,"date":"2025-01-12T08:48:15","date_gmt":"2025-01-12T08:48:15","guid":{"rendered":"https:\/\/murter.riot.hr\/?post_type=product&#038;p=52778"},"modified":"2025-04-26T08:19:05","modified_gmt":"2025-04-26T07:19:05","slug":"appartamento-luke-beach-murter-a41-id-133","status":"publish","type":"product","link":"https:\/\/murter-online.com\/it\/prodotto\/appartamento-luke-beach-murter-a41-id-133\/","title":{"rendered":"Appartamento familiare spiaggia Luke Barbara Murter A4+1 ID 133"},"content":{"rendered":"","protected":false},"excerpt":{"rendered":"<p>L&#8217;appartamento si trova in un&#8217;ottima posizione a soli 70 metri dal mare. L&#8217;appartamento ha una superficie di 65 m2. Dispone di due camere da letto dove possono dormire 5 adulti. Ha un soggiorno. Dispone di un letto supplementare per una persona. Ha un bagno con doccia. L&#8217;area del balcone \/ terrazzo \u00e8 di 20 m2. L&#8217;appartamento si trova al primo piano. L&#8217;appartamento \u00e8 dotato di forno, aria condizionata, TV satellitare. Il parcheggio \u00e8 previsto e incluso nel prezzo. C&#8217;\u00e8 un grill all&#8217;aperto che pu\u00f2 essere utilizzato. Gli animali domestici sono ammessi a un costo aggiuntivo.<\/p>\n","protected":false},"featured_media":45187,"template":"","meta":{"_acf_changed":false},"product_brand":[],"product_cat":[132,162],"product_tag":[],"class_list":{"0":"post-52778","1":"product","2":"type-product","3":"status-publish","4":"has-post-thumbnail","6":"product_cat-appartamenti","7":"product_cat-appartamenti-per-famiglie","9":"first","10":"instock","11":"sold-individually","12":"shipping-taxable","13":"purchasable","14":"product-type-phive_booking"},"acf":[],"_links":{"self":[{"href":"https:\/\/murter-online.com\/it\/wp-json\/wp\/v2\/product\/52778","targetHints":{"allow":["GET"]}}],"collection":[{"href":"https:\/\/murter-online.com\/it\/wp-json\/wp\/v2\/product"}],"about":[{"href":"https:\/\/murter-online.com\/it\/wp-json\/wp\/v2\/types\/product"}],"wp:featuredmedia":[{"embeddable":true,"href":"https:\/\/murter-online.com\/it\/wp-json\/wp\/v2\/media\/45187"}],"wp:attachment":[{"href":"https:\/\/murter-online.com\/it\/wp-json\/wp\/v2\/media?parent=52778"}],"wp:term":[{"taxonomy":"product_brand","embeddable":true,"href":"https:\/\/murter-online.com\/it\/wp-json\/wp\/v2\/product_brand?post=52778"},{"taxonomy":"product_cat","embeddable":true,"href":"https:\/\/murter-online.com\/it\/wp-json\/wp\/v2\/product_cat?post=52778"},{"taxonomy":"product_tag","embeddable":true,"href":"https:\/\/murter-online.com\/it\/wp-json\/wp\/v2\/product_tag?post=52778"}],"curies":[{"name":"wp","href":"https:\/\/api.w.org\/{rel}","templated":true}]}}