{"id":52783,"date":"2025-01-12T08:54:05","date_gmt":"2025-01-12T08:54:05","guid":{"rendered":"https:\/\/murter.riot.hr\/?post_type=product&#038;p=52783"},"modified":"2025-04-14T09:18:06","modified_gmt":"2025-04-14T08:18:06","slug":"appartamento-luke-beachfront-murter-a41-id-152","status":"publish","type":"product","link":"https:\/\/murter-online.com\/it\/prodotto\/appartamento-luke-beachfront-murter-a41-id-152\/","title":{"rendered":"Appartamento sulla spiaggia di Luke Murter A4+1 ID 152"},"content":{"rendered":"","protected":false},"excerpt":{"rendered":"<p>L&#8217;appartamento si trova in un&#8217;ottima posizione, direttamente sulla spiaggia cittadina di Luca. Per l&#8217;ottima posizione e la vicinanza alla spiaggia, ai negozi, al parco giochi e al centro \u00e8 adatto a famiglie con bambini. L&#8217;appartamento ha una superficie di 65 m2. Dispone di due camere da letto dove possono dormire 4 adulti. Ha un soggiorno, che pu\u00f2 essere utilizzato per dormire &#8211; Ha un letto supplementare per una persona. Dispone di un bagno con doccia. L&#8217;area della terrazza \u00e8 di 40 m2. L&#8217;appartamento si trova al primo piano. L&#8217;appartamento \u00e8 dotato di TV, aria condizionata. Il parcheggio \u00e8 previsto e incluso nel prezzo. Animali domestici su richiesta.<\/p>\n","protected":false},"featured_media":45275,"template":"","meta":{"_acf_changed":false},"product_brand":[],"product_cat":[160,132,162],"product_tag":[],"class_list":{"0":"post-52783","1":"product","2":"type-product","3":"status-publish","4":"has-post-thumbnail","6":"product_cat-appartamenti-con-vista-mare","7":"product_cat-appartamenti","8":"product_cat-appartamenti-per-famiglie","10":"first","11":"instock","12":"sold-individually","13":"shipping-taxable","14":"purchasable","15":"product-type-phive_booking"},"acf":[],"_links":{"self":[{"href":"https:\/\/murter-online.com\/it\/wp-json\/wp\/v2\/product\/52783","targetHints":{"allow":["GET"]}}],"collection":[{"href":"https:\/\/murter-online.com\/it\/wp-json\/wp\/v2\/product"}],"about":[{"href":"https:\/\/murter-online.com\/it\/wp-json\/wp\/v2\/types\/product"}],"wp:featuredmedia":[{"embeddable":true,"href":"https:\/\/murter-online.com\/it\/wp-json\/wp\/v2\/media\/45275"}],"wp:attachment":[{"href":"https:\/\/murter-online.com\/it\/wp-json\/wp\/v2\/media?parent=52783"}],"wp:term":[{"taxonomy":"product_brand","embeddable":true,"href":"https:\/\/murter-online.com\/it\/wp-json\/wp\/v2\/product_brand?post=52783"},{"taxonomy":"product_cat","embeddable":true,"href":"https:\/\/murter-online.com\/it\/wp-json\/wp\/v2\/product_cat?post=52783"},{"taxonomy":"product_tag","embeddable":true,"href":"https:\/\/murter-online.com\/it\/wp-json\/wp\/v2\/product_tag?post=52783"}],"curies":[{"name":"wp","href":"https:\/\/api.w.org\/{rel}","templated":true}]}}