{"id":52820,"date":"2025-01-12T09:18:01","date_gmt":"2025-01-12T09:18:01","guid":{"rendered":"https:\/\/murter.riot.hr\/?post_type=product&#038;p=52820"},"modified":"2025-05-01T08:18:32","modified_gmt":"2025-05-01T07:18:32","slug":"appartamento-marina-murter-colentum-a41","status":"publish","type":"product","link":"https:\/\/murter-online.com\/it\/prodotto\/appartamento-marina-murter-colentum-a41\/","title":{"rendered":"Appartamento familiare Marina spiaggia Colentum Murter A4+1"},"content":{"rendered":"","protected":false},"excerpt":{"rendered":"<p>Appartamento familiare conveniente a Murter per max. 5 persone! L&#8217;appartamento si trova in un&#8217;ottima posizione, a soli 250 metri dalla spiaggia locale Zdra\u010de a Betina, a 250 metri dalla spiaggia nel porto turistico Hramina ea 400 metri dalla spiaggia archeologica Colentum. L&#8217;appartamento \u00e8 completamente attrezzato, l&#8217;appartamento dispone di aria condizionata, WiFi gratuito, biancheria da letto e da bagno sono inclusi nel prezzo dell&#8217;appartamento. Il parcheggio \u00e8 previsto nel cortile dell&#8217;appartamento. C&#8217;\u00e8 una griglia all&#8217;aperto che pu\u00f2 essere utilizzata. L&#8217;appartamento si trova a 400 metri dal centro di Murter.<\/p>\n","protected":false},"featured_media":45855,"template":"","meta":{"_acf_changed":false},"product_brand":[],"product_cat":[132,162],"product_tag":[],"class_list":{"0":"post-52820","1":"product","2":"type-product","3":"status-publish","4":"has-post-thumbnail","6":"product_cat-appartamenti","7":"product_cat-appartamenti-per-famiglie","9":"first","10":"instock","11":"sold-individually","12":"shipping-taxable","13":"purchasable","14":"product-type-phive_booking"},"acf":[],"_links":{"self":[{"href":"https:\/\/murter-online.com\/it\/wp-json\/wp\/v2\/product\/52820","targetHints":{"allow":["GET"]}}],"collection":[{"href":"https:\/\/murter-online.com\/it\/wp-json\/wp\/v2\/product"}],"about":[{"href":"https:\/\/murter-online.com\/it\/wp-json\/wp\/v2\/types\/product"}],"wp:featuredmedia":[{"embeddable":true,"href":"https:\/\/murter-online.com\/it\/wp-json\/wp\/v2\/media\/45855"}],"wp:attachment":[{"href":"https:\/\/murter-online.com\/it\/wp-json\/wp\/v2\/media?parent=52820"}],"wp:term":[{"taxonomy":"product_brand","embeddable":true,"href":"https:\/\/murter-online.com\/it\/wp-json\/wp\/v2\/product_brand?post=52820"},{"taxonomy":"product_cat","embeddable":true,"href":"https:\/\/murter-online.com\/it\/wp-json\/wp\/v2\/product_cat?post=52820"},{"taxonomy":"product_tag","embeddable":true,"href":"https:\/\/murter-online.com\/it\/wp-json\/wp\/v2\/product_tag?post=52820"}],"curies":[{"name":"wp","href":"https:\/\/api.w.org\/{rel}","templated":true}]}}