{"id":52825,"date":"2025-01-12T09:46:13","date_gmt":"2025-01-12T09:46:13","guid":{"rendered":"https:\/\/murter.riot.hr\/?post_type=product&#038;p=52825"},"modified":"2025-05-01T08:51:22","modified_gmt":"2025-05-01T07:51:22","slug":"appartamento-marina-murter-colentum-a42","status":"publish","type":"product","link":"https:\/\/murter-online.com\/it\/prodotto\/appartamento-marina-murter-colentum-a42\/","title":{"rendered":"Appartamento familiare Marina Strand Colentum Murter A4+2"},"content":{"rendered":"","protected":false},"excerpt":{"rendered":"<p>Appartamento familiare a prezzi accessibili a Murter per max. 6 persone! L&#8217;appartamento si trova in un&#8217;ottima posizione, a soli 250 metri dalla spiaggia locale Zdra\u010de a Betina, a 250 metri dalla spiaggia del porto turistico Hramina ea 400 metri dalla spiaggia archeologica Colentum. L&#8217;appartamento \u00e8 completamente attrezzato, l&#8217;appartamento \u00e8 dotato di aria condizionata, WiFi gratuito, lavastoviglie, lavatrice, lenzuola e asciugamani sono inclusi nel prezzo dell&#8217;appartamento. Il parcheggio \u00e8 previsto nel cortile dell&#8217;appartamento. C&#8217;\u00e8 una griglia all&#8217;aperto che pu\u00f2 essere utilizzata. L&#8217;appartamento si trova a 400 metri dal centro di Murter.<\/p>\n","protected":false},"featured_media":46459,"template":"","meta":{"_acf_changed":false},"product_brand":[],"product_cat":[132,162],"product_tag":[],"class_list":{"0":"post-52825","1":"product","2":"type-product","3":"status-publish","4":"has-post-thumbnail","6":"product_cat-appartamenti","7":"product_cat-appartamenti-per-famiglie","9":"first","10":"instock","11":"sold-individually","12":"shipping-taxable","13":"purchasable","14":"product-type-phive_booking"},"acf":[],"_links":{"self":[{"href":"https:\/\/murter-online.com\/it\/wp-json\/wp\/v2\/product\/52825","targetHints":{"allow":["GET"]}}],"collection":[{"href":"https:\/\/murter-online.com\/it\/wp-json\/wp\/v2\/product"}],"about":[{"href":"https:\/\/murter-online.com\/it\/wp-json\/wp\/v2\/types\/product"}],"wp:featuredmedia":[{"embeddable":true,"href":"https:\/\/murter-online.com\/it\/wp-json\/wp\/v2\/media\/46459"}],"wp:attachment":[{"href":"https:\/\/murter-online.com\/it\/wp-json\/wp\/v2\/media?parent=52825"}],"wp:term":[{"taxonomy":"product_brand","embeddable":true,"href":"https:\/\/murter-online.com\/it\/wp-json\/wp\/v2\/product_brand?post=52825"},{"taxonomy":"product_cat","embeddable":true,"href":"https:\/\/murter-online.com\/it\/wp-json\/wp\/v2\/product_cat?post=52825"},{"taxonomy":"product_tag","embeddable":true,"href":"https:\/\/murter-online.com\/it\/wp-json\/wp\/v2\/product_tag?post=52825"}],"curies":[{"name":"wp","href":"https:\/\/api.w.org\/{rel}","templated":true}]}}