{"id":52856,"date":"2025-01-12T09:37:21","date_gmt":"2025-01-12T09:37:21","guid":{"rendered":"https:\/\/murter.riot.hr\/?post_type=product&#038;p=52856"},"modified":"2025-04-13T13:21:53","modified_gmt":"2025-04-13T12:21:53","slug":"appartamento-murter-centro-a42-id-20","status":"publish","type":"product","link":"https:\/\/murter-online.com\/it\/prodotto\/appartamento-murter-centro-a42-id-20\/","title":{"rendered":"Appartamento con vista mare Murter Centro A4+2 ID 20"},"content":{"rendered":"","protected":false},"excerpt":{"rendered":"<div align=\"center\">\n<div class=\"max_width\" align=\"left\">\n<div>\n<div>L&#8217;appartamento si trova in una posizione eccellente solo 100 metri dal mare. L&#8217;appartamento ha una superficie di 80 m2. ha due camere da letto dove possono dormire 4 adulti. Ha un soggiorno, che pu\u00f2 essere utilizzato per dormire &#8211; Ha un letto di ricambio per due persone. Ha un bagno con doccia. L&#8217;area della terrazza\/balcone \u00e8 20 m2. L&#8217;appartamento si trova al primo piano della casa. L&#8217;appartamento \u00e8 dotato di tv, aria condizionata, forno, lavastoviglie. Il parcheggio \u00e8 assicurato e incluso nel prezzo. L&#8217;appartamento ha un posto per una barca &#8211; che pu\u00f2 essere a pagamento. Diamo a tutti i nostri ospiti uno sconto del -10% per il noleggio di barche per diversi giorni. L&#8217;appartamento \u00e8 di circa 100 m. \u00e8 lontano dal centro della citt\u00e0 ea 100m. dal mare o dalla prima spiaggia a Murter. Gli animali domestici sono ammessi ad un costo aggiuntivo.<\/div>\n<\/div>\n<\/div>\n<\/div>\n<div align=\"center\"><\/div>\n","protected":false},"featured_media":46279,"template":"","meta":{"_acf_changed":false},"product_brand":[],"product_cat":[160,132,162],"product_tag":[],"class_list":{"0":"post-52856","1":"product","2":"type-product","3":"status-publish","4":"has-post-thumbnail","6":"product_cat-appartamenti-con-vista-mare","7":"product_cat-appartamenti","8":"product_cat-appartamenti-per-famiglie","10":"first","11":"instock","12":"sold-individually","13":"shipping-taxable","14":"purchasable","15":"product-type-phive_booking"},"acf":[],"_links":{"self":[{"href":"https:\/\/murter-online.com\/it\/wp-json\/wp\/v2\/product\/52856","targetHints":{"allow":["GET"]}}],"collection":[{"href":"https:\/\/murter-online.com\/it\/wp-json\/wp\/v2\/product"}],"about":[{"href":"https:\/\/murter-online.com\/it\/wp-json\/wp\/v2\/types\/product"}],"wp:featuredmedia":[{"embeddable":true,"href":"https:\/\/murter-online.com\/it\/wp-json\/wp\/v2\/media\/46279"}],"wp:attachment":[{"href":"https:\/\/murter-online.com\/it\/wp-json\/wp\/v2\/media?parent=52856"}],"wp:term":[{"taxonomy":"product_brand","embeddable":true,"href":"https:\/\/murter-online.com\/it\/wp-json\/wp\/v2\/product_brand?post=52856"},{"taxonomy":"product_cat","embeddable":true,"href":"https:\/\/murter-online.com\/it\/wp-json\/wp\/v2\/product_cat?post=52856"},{"taxonomy":"product_tag","embeddable":true,"href":"https:\/\/murter-online.com\/it\/wp-json\/wp\/v2\/product_tag?post=52856"}],"curies":[{"name":"wp","href":"https:\/\/api.w.org\/{rel}","templated":true}]}}