{"id":52878,"date":"2025-01-11T11:26:04","date_gmt":"2025-01-11T11:26:04","guid":{"rendered":"https:\/\/murter.riot.hr\/?post_type=product&#038;p=52878"},"modified":"2025-04-26T11:00:35","modified_gmt":"2025-04-26T10:00:35","slug":"appartamento-murter-cozy-vibe-a41-id-149","status":"publish","type":"product","link":"https:\/\/murter-online.com\/it\/prodotto\/appartamento-murter-cozy-vibe-a41-id-149\/","title":{"rendered":"Appartamento familiare Cozy Vibe Murter A4+1 ID 149"},"content":{"rendered":"","protected":false},"excerpt":{"rendered":"<p>L&#8217;appartamento si trova in un&#8217;ottima posizione a soli 300 metri dal mare. L&#8217;appartamento ha una superficie di 70 m2. Dispone di due camere da letto dove possono dormire 4 adulti. Ha un soggiorno. Dispone di un bagno con vasca. L&#8217;area del balcone \/ terrazzo \u00e8 di 15 m2. L&#8217;appartamento si trova al primo piano. L&#8217;appartamento \u00e8 dotato di TV, forno. Il parcheggio \u00e8 previsto e incluso nel prezzo. C&#8217;\u00e8 un grill all&#8217;aperto che pu\u00f2 essere utilizzato. L&#8217;appartamento si trova a circa 300 m dal centro e 300 m dal mare o dalla prima spiaggia di Murter. Animali domestici su richiesta.<\/p>\n","protected":false},"featured_media":44807,"template":"","meta":{"_acf_changed":false},"product_brand":[],"product_cat":[132,162],"product_tag":[],"class_list":{"0":"post-52878","1":"product","2":"type-product","3":"status-publish","4":"has-post-thumbnail","6":"product_cat-appartamenti","7":"product_cat-appartamenti-per-famiglie","9":"first","10":"instock","11":"sold-individually","12":"shipping-taxable","13":"purchasable","14":"product-type-phive_booking"},"acf":[],"_links":{"self":[{"href":"https:\/\/murter-online.com\/it\/wp-json\/wp\/v2\/product\/52878","targetHints":{"allow":["GET"]}}],"collection":[{"href":"https:\/\/murter-online.com\/it\/wp-json\/wp\/v2\/product"}],"about":[{"href":"https:\/\/murter-online.com\/it\/wp-json\/wp\/v2\/types\/product"}],"wp:featuredmedia":[{"embeddable":true,"href":"https:\/\/murter-online.com\/it\/wp-json\/wp\/v2\/media\/44807"}],"wp:attachment":[{"href":"https:\/\/murter-online.com\/it\/wp-json\/wp\/v2\/media?parent=52878"}],"wp:term":[{"taxonomy":"product_brand","embeddable":true,"href":"https:\/\/murter-online.com\/it\/wp-json\/wp\/v2\/product_brand?post=52878"},{"taxonomy":"product_cat","embeddable":true,"href":"https:\/\/murter-online.com\/it\/wp-json\/wp\/v2\/product_cat?post=52878"},{"taxonomy":"product_tag","embeddable":true,"href":"https:\/\/murter-online.com\/it\/wp-json\/wp\/v2\/product_tag?post=52878"}],"curies":[{"name":"wp","href":"https:\/\/api.w.org\/{rel}","templated":true}]}}