{"id":52882,"date":"2025-01-11T11:58:05","date_gmt":"2025-01-11T11:58:05","guid":{"rendered":"https:\/\/murter.riot.hr\/?post_type=product&#038;p=52882"},"modified":"2025-04-26T11:05:31","modified_gmt":"2025-04-26T10:05:31","slug":"appartamento-murter-family-suit-a41-id-205","status":"publish","type":"product","link":"https:\/\/murter-online.com\/it\/prodotto\/appartamento-murter-family-suit-a41-id-205\/","title":{"rendered":"Appartamento familiare Bina Murter A4+1 ID 205"},"content":{"rendered":"","protected":false},"excerpt":{"rendered":"<p>Appartamento familiare a prezzi accessibili a Murter in una posizione eccellente! A soli 350 metri dalla spiaggia di sabbia Slanica ea 250 metri dalla spiaggia locale Luca. L&#8217;appartamento si trova in una posizione tranquilla e silenziosa, ci sono due camere da letto dove possono dormire 4 adulti, cucina e soggiorno (c&#8217;\u00e8 un letto supplementare che pu\u00f2 essere usato per dormire). L&#8217;appartamento ha un ingresso separato e una bella terrazza in ombra naturale. Il parcheggio per gli ospiti \u00e8 fornito gratuitamente nel cortile. C&#8217;\u00e8 un grill all&#8217;aperto che pu\u00f2 essere utilizzato gratuitamente. Il prezzo \u00e8 valido per 4 persone, una persona in pi\u00f9 nell&#8217;appartamento paga 10 euro\/persona\/giorno. Animali domestici previo accordo.<\/p>\n","protected":false},"featured_media":44883,"template":"","meta":{"_acf_changed":false},"product_brand":[],"product_cat":[132,162],"product_tag":[],"class_list":{"0":"post-52882","1":"product","2":"type-product","3":"status-publish","4":"has-post-thumbnail","6":"product_cat-appartamenti","7":"product_cat-appartamenti-per-famiglie","9":"first","10":"instock","11":"sold-individually","12":"shipping-taxable","13":"purchasable","14":"product-type-phive_booking"},"acf":[],"_links":{"self":[{"href":"https:\/\/murter-online.com\/it\/wp-json\/wp\/v2\/product\/52882","targetHints":{"allow":["GET"]}}],"collection":[{"href":"https:\/\/murter-online.com\/it\/wp-json\/wp\/v2\/product"}],"about":[{"href":"https:\/\/murter-online.com\/it\/wp-json\/wp\/v2\/types\/product"}],"wp:featuredmedia":[{"embeddable":true,"href":"https:\/\/murter-online.com\/it\/wp-json\/wp\/v2\/media\/44883"}],"wp:attachment":[{"href":"https:\/\/murter-online.com\/it\/wp-json\/wp\/v2\/media?parent=52882"}],"wp:term":[{"taxonomy":"product_brand","embeddable":true,"href":"https:\/\/murter-online.com\/it\/wp-json\/wp\/v2\/product_brand?post=52882"},{"taxonomy":"product_cat","embeddable":true,"href":"https:\/\/murter-online.com\/it\/wp-json\/wp\/v2\/product_cat?post=52882"},{"taxonomy":"product_tag","embeddable":true,"href":"https:\/\/murter-online.com\/it\/wp-json\/wp\/v2\/product_tag?post=52882"}],"curies":[{"name":"wp","href":"https:\/\/api.w.org\/{rel}","templated":true}]}}