{"id":52895,"date":"2025-01-12T10:31:23","date_gmt":"2025-01-12T10:31:23","guid":{"rendered":"https:\/\/murter.riot.hr\/?post_type=product&#038;p=52895"},"modified":"2025-05-01T19:02:43","modified_gmt":"2025-05-01T18:02:43","slug":"appartamento-murter-luke-beach-a4-id-269","status":"publish","type":"product","link":"https:\/\/murter-online.com\/it\/prodotto\/appartamento-murter-luke-beach-a4-id-269\/","title":{"rendered":"Appartamento per 4 persone sulla spiaggia di Luke &#8211;  isola Murter A4 ID 269"},"content":{"rendered":"","protected":false},"excerpt":{"rendered":"<div align=\"center\">\n<div class=\"max_width\" align=\"left\">\n<div>\n<div>L&#8217;appartamento per 4 persone si trova in un&#8217;ottima posizione. Si trova molto vicino alla spiaggia locale di Luke, vicino a un negozio, un bar e un parco giochi per bambini. L&#8217;appartamento si sviluppa su due piani, al primo piano c&#8217;\u00e8 una cucina con soggiorno, un balcone e un bagno. Al secondo piano ci sono due camere da letto con letto matrimoniale, ogni camera ha un balcone. C&#8217;\u00e8 un bagno tra le stanze. Il balcone di una camera da letto ha una vista sul mare. La cucina \u00e8 completamente attrezzata, invece di un forno, l&#8217;appartamento ha un forno elettrico. L&#8217;appartamento \u00e8 dotato di aria condizionata, internet Wi-Fi. L&#8217;appartamento dispone di un parcheggio gratuito per un&#8217;auto.<\/div>\n<\/div>\n<\/div>\n<\/div>\n<div align=\"center\">\n<div><\/div>\n<div><\/div>\n<\/div>\n","protected":false},"featured_media":46811,"template":"","meta":{"_acf_changed":false},"product_brand":[],"product_cat":[160,132,162],"product_tag":[],"class_list":{"0":"post-52895","1":"product","2":"type-product","3":"status-publish","4":"has-post-thumbnail","6":"product_cat-appartamenti-con-vista-mare","7":"product_cat-appartamenti","8":"product_cat-appartamenti-per-famiglie","10":"first","11":"instock","12":"sold-individually","13":"shipping-taxable","14":"purchasable","15":"product-type-phive_booking"},"acf":[],"_links":{"self":[{"href":"https:\/\/murter-online.com\/it\/wp-json\/wp\/v2\/product\/52895","targetHints":{"allow":["GET"]}}],"collection":[{"href":"https:\/\/murter-online.com\/it\/wp-json\/wp\/v2\/product"}],"about":[{"href":"https:\/\/murter-online.com\/it\/wp-json\/wp\/v2\/types\/product"}],"wp:featuredmedia":[{"embeddable":true,"href":"https:\/\/murter-online.com\/it\/wp-json\/wp\/v2\/media\/46811"}],"wp:attachment":[{"href":"https:\/\/murter-online.com\/it\/wp-json\/wp\/v2\/media?parent=52895"}],"wp:term":[{"taxonomy":"product_brand","embeddable":true,"href":"https:\/\/murter-online.com\/it\/wp-json\/wp\/v2\/product_brand?post=52895"},{"taxonomy":"product_cat","embeddable":true,"href":"https:\/\/murter-online.com\/it\/wp-json\/wp\/v2\/product_cat?post=52895"},{"taxonomy":"product_tag","embeddable":true,"href":"https:\/\/murter-online.com\/it\/wp-json\/wp\/v2\/product_tag?post=52895"}],"curies":[{"name":"wp","href":"https:\/\/api.w.org\/{rel}","templated":true}]}}