{"id":52900,"date":"2025-01-12T10:36:21","date_gmt":"2025-01-12T10:36:21","guid":{"rendered":"https:\/\/murter.riot.hr\/?post_type=product&#038;p=52900"},"modified":"2025-04-19T19:31:14","modified_gmt":"2025-04-19T18:31:14","slug":"appartamento-murter-nuovo-con-posto-barca-a4-id-262","status":"publish","type":"product","link":"https:\/\/murter-online.com\/it\/prodotto\/appartamento-murter-nuovo-con-posto-barca-a4-id-262\/","title":{"rendered":"Appartamento con posto barca Nouvo Murter A4 ID 262"},"content":{"rendered":"","protected":false},"excerpt":{"rendered":"<div align=\"center\">\n<div class=\"max_width\" align=\"left\">\n<div>\n<div>Appartamento recentemente ristrutturato in un&#8217;ottima posizione a Murter! L&#8217;appartamento ha due camere da letto dove possono dormire 4 adulti. La cucina \u00e8 completamente equipaggiata. L&#8217;appartamento si trova vicino al mare e ha la possibilit\u00e0 di ormeggio per una barca, a pagamento. L&#8217;appartamento \u00e8 dotato di TV, aria condizionata, Internet Wi-Fi, lavastoviglie. C&#8217;\u00e8 una lavatrice sotto l&#8217;appartamento nel garage, che pu\u00f2 essere utilizzata gratuitamente. Nel parcheggio antistante l&#8217;appartamento \u00e8 presente un&#8217;apposita struttura con barbecue di cui si pu\u00f2 usufruire gratuitamente. Il parcheggio si trova di fronte all&#8217;appartamento.<\/div>\n<\/div>\n<\/div>\n<\/div>\n<div align=\"center\"><\/div>\n","protected":false},"featured_media":46983,"template":"","meta":{"_acf_changed":false},"product_brand":[],"product_cat":[163,132,162],"product_tag":[],"class_list":{"0":"post-52900","1":"product","2":"type-product","3":"status-publish","4":"has-post-thumbnail","6":"product_cat-appartamenti-con-posto-barca","7":"product_cat-appartamenti","8":"product_cat-appartamenti-per-famiglie","10":"first","11":"instock","12":"sold-individually","13":"shipping-taxable","14":"purchasable","15":"product-type-phive_booking"},"acf":[],"_links":{"self":[{"href":"https:\/\/murter-online.com\/it\/wp-json\/wp\/v2\/product\/52900","targetHints":{"allow":["GET"]}}],"collection":[{"href":"https:\/\/murter-online.com\/it\/wp-json\/wp\/v2\/product"}],"about":[{"href":"https:\/\/murter-online.com\/it\/wp-json\/wp\/v2\/types\/product"}],"wp:featuredmedia":[{"embeddable":true,"href":"https:\/\/murter-online.com\/it\/wp-json\/wp\/v2\/media\/46983"}],"wp:attachment":[{"href":"https:\/\/murter-online.com\/it\/wp-json\/wp\/v2\/media?parent=52900"}],"wp:term":[{"taxonomy":"product_brand","embeddable":true,"href":"https:\/\/murter-online.com\/it\/wp-json\/wp\/v2\/product_brand?post=52900"},{"taxonomy":"product_cat","embeddable":true,"href":"https:\/\/murter-online.com\/it\/wp-json\/wp\/v2\/product_cat?post=52900"},{"taxonomy":"product_tag","embeddable":true,"href":"https:\/\/murter-online.com\/it\/wp-json\/wp\/v2\/product_tag?post=52900"}],"curies":[{"name":"wp","href":"https:\/\/api.w.org\/{rel}","templated":true}]}}