{"id":52912,"date":"2025-01-12T10:45:50","date_gmt":"2025-01-12T10:45:50","guid":{"rendered":"https:\/\/murter.riot.hr\/?post_type=product&#038;p=52912"},"modified":"2025-04-14T10:47:00","modified_gmt":"2025-04-14T09:47:00","slug":"appartamento-murter-podraduc-sunset-a21-id-37","status":"publish","type":"product","link":"https:\/\/murter-online.com\/it\/prodotto\/appartamento-murter-podraduc-sunset-a21-id-37\/","title":{"rendered":"Appartamento con vista mare Podradu\u010d tramonto Murter A2+1 ID 37"},"content":{"rendered":"","protected":false},"excerpt":{"rendered":"<p>Bellissimo appartamento con una camera da letto recentemente ristrutturato in un&#8217;ottima posizione a Murter. L&#8217;appartamento si trova in via Podradu\u010d, a 80 metri dal mare e 150 metri dalla spiaggia sabbiosa di Slanica. L&#8217;appartamento si trova al primo piano e dispone di 1 camera da letto dove possono dormire 2 adulti. C&#8217;\u00e8 un letto supplementare nel soggiorno che pu\u00f2 essere utilizzato per dormire. L&#8217;appartamento \u00e8 dotato di aria condizionata, connessione Wi-Fi gratuita, frigorifero, piano cottura e bollitore. La cucina \u00e8 completamente attrezzata. La terrazza offre una bellissima vista sul mare. Gli ospiti degli appartamenti hanno il parcheggio gratuito. Sulla terrazza \u00e8 presente un barbecue che pu\u00f2 essere utilizzato gratuitamente.<\/p>\n","protected":false},"featured_media":47227,"template":"","meta":{"_acf_changed":false},"product_brand":[],"product_cat":[160,132,162],"product_tag":[],"class_list":{"0":"post-52912","1":"product","2":"type-product","3":"status-publish","4":"has-post-thumbnail","6":"product_cat-appartamenti-con-vista-mare","7":"product_cat-appartamenti","8":"product_cat-appartamenti-per-famiglie","10":"first","11":"instock","12":"sold-individually","13":"shipping-taxable","14":"purchasable","15":"product-type-phive_booking"},"acf":[],"_links":{"self":[{"href":"https:\/\/murter-online.com\/it\/wp-json\/wp\/v2\/product\/52912","targetHints":{"allow":["GET"]}}],"collection":[{"href":"https:\/\/murter-online.com\/it\/wp-json\/wp\/v2\/product"}],"about":[{"href":"https:\/\/murter-online.com\/it\/wp-json\/wp\/v2\/types\/product"}],"wp:featuredmedia":[{"embeddable":true,"href":"https:\/\/murter-online.com\/it\/wp-json\/wp\/v2\/media\/47227"}],"wp:attachment":[{"href":"https:\/\/murter-online.com\/it\/wp-json\/wp\/v2\/media?parent=52912"}],"wp:term":[{"taxonomy":"product_brand","embeddable":true,"href":"https:\/\/murter-online.com\/it\/wp-json\/wp\/v2\/product_brand?post=52912"},{"taxonomy":"product_cat","embeddable":true,"href":"https:\/\/murter-online.com\/it\/wp-json\/wp\/v2\/product_cat?post=52912"},{"taxonomy":"product_tag","embeddable":true,"href":"https:\/\/murter-online.com\/it\/wp-json\/wp\/v2\/product_tag?post=52912"}],"curies":[{"name":"wp","href":"https:\/\/api.w.org\/{rel}","templated":true}]}}