{"id":52916,"date":"2025-01-12T10:53:11","date_gmt":"2025-01-12T10:53:11","guid":{"rendered":"https:\/\/murter.riot.hr\/?post_type=product&#038;p=52916"},"modified":"2025-04-26T11:31:07","modified_gmt":"2025-04-26T10:31:07","slug":"appartamento-murter-podvrske-a41-id-282","status":"publish","type":"product","link":"https:\/\/murter-online.com\/it\/prodotto\/appartamento-murter-podvrske-a41-id-282\/","title":{"rendered":"Appartamento familiare Podvr\u0161ke Murter A4+1 ID 282"},"content":{"rendered":"","protected":false},"excerpt":{"rendered":"<p>L&#8217;appartamento ha due camere da letto dove possono dormire 4 adulti. L&#8217;appartamento si trova in un&#8217;ottima posizione, molto vicino alla spiaggia sabbiosa di Podvr\u0161ke e alla spiaggia locale di Luke. L&#8217;appartamento si trova al piano terra della casa. C&#8217;\u00e8 un letto supplementare (divano) nel soggiorno che pu\u00f2 essere utilizzato per dormire. C&#8217;\u00e8 una grande terrazza con giardino di fronte all&#8217;appartamento. L&#8217;appartamento \u00e8 dotato di lavastoviglie, aria condizionata, internet Wi-Fi, la cucina \u00e8 completamente attrezzata. C&#8217;\u00e8 un parcheggio gratuito davanti alla casa.<\/p>\n","protected":false},"featured_media":47375,"template":"","meta":{"_acf_changed":false},"product_brand":[],"product_cat":[132,162],"product_tag":[],"class_list":{"0":"post-52916","1":"product","2":"type-product","3":"status-publish","4":"has-post-thumbnail","6":"product_cat-appartamenti","7":"product_cat-appartamenti-per-famiglie","9":"first","10":"instock","11":"sold-individually","12":"shipping-taxable","13":"purchasable","14":"product-type-phive_booking"},"acf":[],"_links":{"self":[{"href":"https:\/\/murter-online.com\/it\/wp-json\/wp\/v2\/product\/52916","targetHints":{"allow":["GET"]}}],"collection":[{"href":"https:\/\/murter-online.com\/it\/wp-json\/wp\/v2\/product"}],"about":[{"href":"https:\/\/murter-online.com\/it\/wp-json\/wp\/v2\/types\/product"}],"wp:featuredmedia":[{"embeddable":true,"href":"https:\/\/murter-online.com\/it\/wp-json\/wp\/v2\/media\/47375"}],"wp:attachment":[{"href":"https:\/\/murter-online.com\/it\/wp-json\/wp\/v2\/media?parent=52916"}],"wp:term":[{"taxonomy":"product_brand","embeddable":true,"href":"https:\/\/murter-online.com\/it\/wp-json\/wp\/v2\/product_brand?post=52916"},{"taxonomy":"product_cat","embeddable":true,"href":"https:\/\/murter-online.com\/it\/wp-json\/wp\/v2\/product_cat?post=52916"},{"taxonomy":"product_tag","embeddable":true,"href":"https:\/\/murter-online.com\/it\/wp-json\/wp\/v2\/product_tag?post=52916"}],"curies":[{"name":"wp","href":"https:\/\/api.w.org\/{rel}","templated":true}]}}