{"id":52920,"date":"2025-01-12T10:56:02","date_gmt":"2025-01-12T10:56:02","guid":{"rendered":"https:\/\/murter.riot.hr\/?post_type=product&#038;p=52920"},"modified":"2025-04-26T11:45:09","modified_gmt":"2025-04-26T10:45:09","slug":"appartamento-murter-podvrske-a6-id-52","status":"publish","type":"product","link":"https:\/\/murter-online.com\/it\/prodotto\/appartamento-murter-podvrske-a6-id-52\/","title":{"rendered":"Appartamento familiare Murter Podvr\u0161ke A6 ID 52"},"content":{"rendered":"","protected":false},"excerpt":{"rendered":"<p>Appartamento con due camere da letto in ottima posizione a Murter! A soli 200 metri dalla spiaggia locale Luke ea 350 metri dalla spiaggia sabbiosa Podvr\u0161ke. L&#8217;appartamento ha due camere da letto dove possono ospitare 6 adulti. L&#8217;appartamento \u00e8 dotato di aria condizionata, WiFi, macchina per il caff\u00e8, cucina completamente attrezzata. L&#8217;appartamento si trova al piano terra. C&#8217;\u00e8 una terrazza di fronte all&#8217;appartamento con barbecue che pu\u00f2 essere utilizzato gratuitamente.<\/p>\n","protected":false},"featured_media":47507,"template":"","meta":{"_acf_changed":false},"product_brand":[],"product_cat":[132,162],"product_tag":[],"class_list":{"0":"post-52920","1":"product","2":"type-product","3":"status-publish","4":"has-post-thumbnail","6":"product_cat-appartamenti","7":"product_cat-appartamenti-per-famiglie","9":"first","10":"instock","11":"sold-individually","12":"shipping-taxable","13":"purchasable","14":"product-type-phive_booking"},"acf":[],"_links":{"self":[{"href":"https:\/\/murter-online.com\/it\/wp-json\/wp\/v2\/product\/52920","targetHints":{"allow":["GET"]}}],"collection":[{"href":"https:\/\/murter-online.com\/it\/wp-json\/wp\/v2\/product"}],"about":[{"href":"https:\/\/murter-online.com\/it\/wp-json\/wp\/v2\/types\/product"}],"wp:featuredmedia":[{"embeddable":true,"href":"https:\/\/murter-online.com\/it\/wp-json\/wp\/v2\/media\/47507"}],"wp:attachment":[{"href":"https:\/\/murter-online.com\/it\/wp-json\/wp\/v2\/media?parent=52920"}],"wp:term":[{"taxonomy":"product_brand","embeddable":true,"href":"https:\/\/murter-online.com\/it\/wp-json\/wp\/v2\/product_brand?post=52920"},{"taxonomy":"product_cat","embeddable":true,"href":"https:\/\/murter-online.com\/it\/wp-json\/wp\/v2\/product_cat?post=52920"},{"taxonomy":"product_tag","embeddable":true,"href":"https:\/\/murter-online.com\/it\/wp-json\/wp\/v2\/product_tag?post=52920"}],"curies":[{"name":"wp","href":"https:\/\/api.w.org\/{rel}","templated":true}]}}