{"id":52943,"date":"2025-01-12T11:08:27","date_gmt":"2025-01-12T11:08:27","guid":{"rendered":"https:\/\/murter.riot.hr\/?post_type=product&#038;p=52943"},"modified":"2025-04-18T08:35:21","modified_gmt":"2025-04-18T07:35:21","slug":"appartamento-murter-vlake-slanica-a41-id-23","status":"publish","type":"product","link":"https:\/\/murter-online.com\/it\/prodotto\/appartamento-murter-vlake-slanica-a41-id-23\/","title":{"rendered":"Appartamento con vista mare Vlake Slanica Murter A4+1 ID 23"},"content":{"rendered":"","protected":false},"excerpt":{"rendered":"<p>L&#8217;appartamento con una bellissima vista sul mare si trova in una posizione eccellente solo 300 metri dal mare. L&#8217;appartamento ha una superficie di 75 m2. ha due camere da letto dove possono dormire 5 adulti. Ha un soggiorno. Ha un letto di ricambio per una persona. Ha un bagno con doccia. L&#8217;area della terrazza\/balcone \u00e8 12 m2. L&#8217;appartamento si trova al secondo piano della casa. L&#8217;appartamento \u00e8 dotato di tv, ricevitore satellitare, forno. Il parcheggio \u00e8 assicurato e incluso nel prezzo. C&#8217;\u00e8 una griglia esterna che pu\u00f2 essere utilizzata. L&#8217;appartamento \u00e8 di circa 1000 m. \u00e8 lontano dal centro della citt\u00e0 ea 300m. dal mare o dalla prima spiaggia a Murter.<\/p>\n","protected":false},"featured_media":47831,"template":"","meta":{"_acf_changed":false},"product_brand":[],"product_cat":[160,132,162],"product_tag":[],"class_list":{"0":"post-52943","1":"product","2":"type-product","3":"status-publish","4":"has-post-thumbnail","6":"product_cat-appartamenti-con-vista-mare","7":"product_cat-appartamenti","8":"product_cat-appartamenti-per-famiglie","10":"first","11":"instock","12":"sold-individually","13":"shipping-taxable","14":"purchasable","15":"product-type-phive_booking"},"acf":[],"_links":{"self":[{"href":"https:\/\/murter-online.com\/it\/wp-json\/wp\/v2\/product\/52943","targetHints":{"allow":["GET"]}}],"collection":[{"href":"https:\/\/murter-online.com\/it\/wp-json\/wp\/v2\/product"}],"about":[{"href":"https:\/\/murter-online.com\/it\/wp-json\/wp\/v2\/types\/product"}],"wp:featuredmedia":[{"embeddable":true,"href":"https:\/\/murter-online.com\/it\/wp-json\/wp\/v2\/media\/47831"}],"wp:attachment":[{"href":"https:\/\/murter-online.com\/it\/wp-json\/wp\/v2\/media?parent=52943"}],"wp:term":[{"taxonomy":"product_brand","embeddable":true,"href":"https:\/\/murter-online.com\/it\/wp-json\/wp\/v2\/product_brand?post=52943"},{"taxonomy":"product_cat","embeddable":true,"href":"https:\/\/murter-online.com\/it\/wp-json\/wp\/v2\/product_cat?post=52943"},{"taxonomy":"product_tag","embeddable":true,"href":"https:\/\/murter-online.com\/it\/wp-json\/wp\/v2\/product_tag?post=52943"}],"curies":[{"name":"wp","href":"https:\/\/api.w.org\/{rel}","templated":true}]}}