{"id":52948,"date":"2025-01-12T11:11:48","date_gmt":"2025-01-12T11:11:48","guid":{"rendered":"https:\/\/murter.riot.hr\/?post_type=product&#038;p=52948"},"modified":"2025-04-19T18:36:52","modified_gmt":"2025-04-19T17:36:52","slug":"appartamento-murter-con-piscina-kosirina-a4-id-45","status":"publish","type":"product","link":"https:\/\/murter-online.com\/it\/prodotto\/appartamento-murter-con-piscina-kosirina-a4-id-45\/","title":{"rendered":"Appartamento con piscina Kosirina Murter A4 ID 45"},"content":{"rendered":"","protected":false},"excerpt":{"rendered":"<p>L&#8217;appartamento Kosirina si trova al primo piano, \u00e8 composto da due camere da letto, cucina moderna e un bellissimo soggiorno, il tutto in una tonalit\u00e0 verde con una splendida vista sul mare. L&#8217;appartamento \u00e8 dotato di aria condizionata, connessione WiFi gratuita e TV satellitare Lenzuola, asciugamani e pulizia finale sono inclusi nel prezzo.<\/p>\n","protected":false},"featured_media":47915,"template":"","meta":{"_acf_changed":false},"product_brand":[],"product_cat":[161],"product_tag":[],"class_list":{"0":"post-52948","1":"product","2":"type-product","3":"status-publish","4":"has-post-thumbnail","6":"product_cat-appartamenti-con-piscina","8":"first","9":"instock","10":"sold-individually","11":"shipping-taxable","12":"purchasable","13":"product-type-phive_booking"},"acf":[],"_links":{"self":[{"href":"https:\/\/murter-online.com\/it\/wp-json\/wp\/v2\/product\/52948","targetHints":{"allow":["GET"]}}],"collection":[{"href":"https:\/\/murter-online.com\/it\/wp-json\/wp\/v2\/product"}],"about":[{"href":"https:\/\/murter-online.com\/it\/wp-json\/wp\/v2\/types\/product"}],"wp:featuredmedia":[{"embeddable":true,"href":"https:\/\/murter-online.com\/it\/wp-json\/wp\/v2\/media\/47915"}],"wp:attachment":[{"href":"https:\/\/murter-online.com\/it\/wp-json\/wp\/v2\/media?parent=52948"}],"wp:term":[{"taxonomy":"product_brand","embeddable":true,"href":"https:\/\/murter-online.com\/it\/wp-json\/wp\/v2\/product_brand?post=52948"},{"taxonomy":"product_cat","embeddable":true,"href":"https:\/\/murter-online.com\/it\/wp-json\/wp\/v2\/product_cat?post=52948"},{"taxonomy":"product_tag","embeddable":true,"href":"https:\/\/murter-online.com\/it\/wp-json\/wp\/v2\/product_tag?post=52948"}],"curies":[{"name":"wp","href":"https:\/\/api.w.org\/{rel}","templated":true}]}}