{"id":52966,"date":"2025-01-12T11:26:19","date_gmt":"2025-01-12T11:26:19","guid":{"rendered":"https:\/\/murter.riot.hr\/?post_type=product&#038;p=52966"},"modified":"2025-04-19T18:30:50","modified_gmt":"2025-04-19T17:30:50","slug":"appartamento-murter-con-piscina-cigrada-a4-id-44","status":"publish","type":"product","link":"https:\/\/murter-online.com\/it\/prodotto\/appartamento-murter-con-piscina-cigrada-a4-id-44\/","title":{"rendered":"Appartamento con piscina \u010cigra\u0111a Murter A4 ID 44"},"content":{"rendered":"","protected":false},"excerpt":{"rendered":"<p>L&#8217;appartamento \u010cigra\u0111a si trova al primo piano, \u00e8 composto da due camere da letto, cucina moderna con zona pranzo e bagno. Sul piacevole ampio balcone godrete della splendida vista, vivrete un tramonto indimenticabile o la nascita di un nuovo giorno. L&#8217;appartamento \u00e8 dotato di aria condizionata, TV satellitare e connessione WiFi gratuita Lenzuola, asciugamani e pulizia finale sono inclusi nel prezzo.<\/p>\n","protected":false},"featured_media":48103,"template":"","meta":{"_acf_changed":false},"product_brand":[],"product_cat":[161],"product_tag":[],"class_list":{"0":"post-52966","1":"product","2":"type-product","3":"status-publish","4":"has-post-thumbnail","6":"product_cat-appartamenti-con-piscina","8":"first","9":"instock","10":"sold-individually","11":"shipping-taxable","12":"purchasable","13":"product-type-phive_booking"},"acf":[],"_links":{"self":[{"href":"https:\/\/murter-online.com\/it\/wp-json\/wp\/v2\/product\/52966","targetHints":{"allow":["GET"]}}],"collection":[{"href":"https:\/\/murter-online.com\/it\/wp-json\/wp\/v2\/product"}],"about":[{"href":"https:\/\/murter-online.com\/it\/wp-json\/wp\/v2\/types\/product"}],"wp:featuredmedia":[{"embeddable":true,"href":"https:\/\/murter-online.com\/it\/wp-json\/wp\/v2\/media\/48103"}],"wp:attachment":[{"href":"https:\/\/murter-online.com\/it\/wp-json\/wp\/v2\/media?parent=52966"}],"wp:term":[{"taxonomy":"product_brand","embeddable":true,"href":"https:\/\/murter-online.com\/it\/wp-json\/wp\/v2\/product_brand?post=52966"},{"taxonomy":"product_cat","embeddable":true,"href":"https:\/\/murter-online.com\/it\/wp-json\/wp\/v2\/product_cat?post=52966"},{"taxonomy":"product_tag","embeddable":true,"href":"https:\/\/murter-online.com\/it\/wp-json\/wp\/v2\/product_tag?post=52966"}],"curies":[{"name":"wp","href":"https:\/\/api.w.org\/{rel}","templated":true}]}}