{"id":52975,"date":"2025-01-12T11:32:48","date_gmt":"2025-01-12T11:32:48","guid":{"rendered":"https:\/\/murter.riot.hr\/?post_type=product&#038;p=52975"},"modified":"2025-04-19T18:48:12","modified_gmt":"2025-04-19T17:48:12","slug":"appartamento-murter-con-piscina-podvrske-a41-id-43","status":"publish","type":"product","link":"https:\/\/murter-online.com\/it\/prodotto\/appartamento-murter-con-piscina-podvrske-a41-id-43\/","title":{"rendered":"Appartamento con Piscina Podvr\u0161ke Murter A4+1 ID 43"},"content":{"rendered":"","protected":false},"excerpt":{"rendered":"<p>Appartamento modernamente arredato di 64 m2, al piano terra di Villa Kos. L&#8217;appartamento pu\u00f2 ospitare comodamente fino a 5 persone. Si trova in una zona tranquilla L&#8217;appartamento \u00e8 dotato di WiFi, bollitore, macchina per il caff\u00e8, microonde TV satellitare. Lenzuola, asciugamani e pulizia finale sono inclusi nel prezzo.<\/p>\n","protected":false},"featured_media":48203,"template":"","meta":{"_acf_changed":false},"product_brand":[],"product_cat":[161],"product_tag":[],"class_list":{"0":"post-52975","1":"product","2":"type-product","3":"status-publish","4":"has-post-thumbnail","6":"product_cat-appartamenti-con-piscina","8":"first","9":"instock","10":"sold-individually","11":"shipping-taxable","12":"purchasable","13":"product-type-phive_booking"},"acf":[],"_links":{"self":[{"href":"https:\/\/murter-online.com\/it\/wp-json\/wp\/v2\/product\/52975","targetHints":{"allow":["GET"]}}],"collection":[{"href":"https:\/\/murter-online.com\/it\/wp-json\/wp\/v2\/product"}],"about":[{"href":"https:\/\/murter-online.com\/it\/wp-json\/wp\/v2\/types\/product"}],"wp:featuredmedia":[{"embeddable":true,"href":"https:\/\/murter-online.com\/it\/wp-json\/wp\/v2\/media\/48203"}],"wp:attachment":[{"href":"https:\/\/murter-online.com\/it\/wp-json\/wp\/v2\/media?parent=52975"}],"wp:term":[{"taxonomy":"product_brand","embeddable":true,"href":"https:\/\/murter-online.com\/it\/wp-json\/wp\/v2\/product_brand?post=52975"},{"taxonomy":"product_cat","embeddable":true,"href":"https:\/\/murter-online.com\/it\/wp-json\/wp\/v2\/product_cat?post=52975"},{"taxonomy":"product_tag","embeddable":true,"href":"https:\/\/murter-online.com\/it\/wp-json\/wp\/v2\/product_tag?post=52975"}],"curies":[{"name":"wp","href":"https:\/\/api.w.org\/{rel}","templated":true}]}}