{"id":52980,"date":"2025-01-09T17:54:46","date_gmt":"2025-01-09T17:54:46","guid":{"rendered":"https:\/\/murter.riot.hr\/?post_type=product&#038;p=52980"},"modified":"2025-04-19T18:51:58","modified_gmt":"2025-04-19T17:51:58","slug":"appartamento-murter-con-piscina-sv-nicola-a4-id-48","status":"publish","type":"product","link":"https:\/\/murter-online.com\/it\/prodotto\/appartamento-murter-con-piscina-sv-nicola-a4-id-48\/","title":{"rendered":"Appartamento con piscina Sv. Nicola Murter A4 ID 48"},"content":{"rendered":"","protected":false},"excerpt":{"rendered":"<p>Appartamento Sv. Nikola si trova al secondo piano, dispone di due camere da letto, cucina moderna e soggiorno con balcone e vista mare. \u00c8 decorato in tonalit\u00e0 pi\u00f9 scure, con interessanti letti in ferro battuto. Appartamento con due camere da letto. Comodo per 4 persone. Vista panoramica, 55 m2. L&#8217;appartamento \u00e8 dotato di aria condizionata, connessione Wi-Fi gratuita e TV satellitare Lenzuola, asciugamani e pulizia finale sono inclusi nel prezzo.<\/p>\n","protected":false},"featured_media":40080,"template":"","meta":{"_acf_changed":false},"product_brand":[],"product_cat":[161],"product_tag":[],"class_list":{"0":"post-52980","1":"product","2":"type-product","3":"status-publish","4":"has-post-thumbnail","6":"product_cat-appartamenti-con-piscina","8":"first","9":"instock","10":"sold-individually","11":"shipping-taxable","12":"purchasable","13":"product-type-phive_booking"},"acf":[],"_links":{"self":[{"href":"https:\/\/murter-online.com\/it\/wp-json\/wp\/v2\/product\/52980","targetHints":{"allow":["GET"]}}],"collection":[{"href":"https:\/\/murter-online.com\/it\/wp-json\/wp\/v2\/product"}],"about":[{"href":"https:\/\/murter-online.com\/it\/wp-json\/wp\/v2\/types\/product"}],"wp:featuredmedia":[{"embeddable":true,"href":"https:\/\/murter-online.com\/it\/wp-json\/wp\/v2\/media\/40080"}],"wp:attachment":[{"href":"https:\/\/murter-online.com\/it\/wp-json\/wp\/v2\/media?parent=52980"}],"wp:term":[{"taxonomy":"product_brand","embeddable":true,"href":"https:\/\/murter-online.com\/it\/wp-json\/wp\/v2\/product_brand?post=52980"},{"taxonomy":"product_cat","embeddable":true,"href":"https:\/\/murter-online.com\/it\/wp-json\/wp\/v2\/product_cat?post=52980"},{"taxonomy":"product_tag","embeddable":true,"href":"https:\/\/murter-online.com\/it\/wp-json\/wp\/v2\/product_tag?post=52980"}],"curies":[{"name":"wp","href":"https:\/\/api.w.org\/{rel}","templated":true}]}}