{"id":52986,"date":"2025-01-09T18:22:47","date_gmt":"2025-01-09T18:22:47","guid":{"rendered":"https:\/\/murter.riot.hr\/?post_type=product&#038;p=52986"},"modified":"2025-05-01T13:06:42","modified_gmt":"2025-05-01T12:06:42","slug":"appartamento-vicino-alla-spiaggia-di-slanica-a41-id-280","status":"publish","type":"product","link":"https:\/\/murter-online.com\/it\/prodotto\/appartamento-vicino-alla-spiaggia-di-slanica-a41-id-280\/","title":{"rendered":"Appartamento familiare vicino alla spiaggia di Slanica Josipa Murter A4+1 ID 280"},"content":{"rendered":"","protected":false},"excerpt":{"rendered":"<p>L&#8217;appartamento con due camere da letto e due bagni si trova a soli 300 metri dalla spiaggia sabbiosa di Slanica. L&#8217;appartamento si trova al piano terra. In due camere da letto, 4 adulti possono dormire su letti matrimoniali, c&#8217;\u00e8 un letto supplementare (divano) nel soggiorno, che pu\u00f2 essere utilizzato per dormire.Una camera da letto \u00e8 separata dall&#8217;appartamento e non dispone di aria condizionata. L&#8217;appartamento \u00e8 dotato di lavatrice, aria condizionata, internet WiFi, forno a microonde, ampio congelatore. La cucina \u00e8 completamente equipaggiata. L&#8217;appartamento dispone di uno spazio esterno con barbecue che pu\u00f2 essere utilizzato gratuitamente. L&#8217;appartamento ha una terrazza privata di fronte all&#8217;appartamento e un balcone a cui si accede dalla camera. C&#8217;\u00e8 un parcheggio gratuito di fronte all&#8217;appartamento.<\/p>\n","protected":false},"featured_media":40128,"template":"","meta":{"_acf_changed":false},"product_brand":[],"product_cat":[132,162],"product_tag":[],"class_list":{"0":"post-52986","1":"product","2":"type-product","3":"status-publish","4":"has-post-thumbnail","6":"product_cat-appartamenti","7":"product_cat-appartamenti-per-famiglie","9":"first","10":"instock","11":"sold-individually","12":"shipping-taxable","13":"purchasable","14":"product-type-phive_booking"},"acf":[],"_links":{"self":[{"href":"https:\/\/murter-online.com\/it\/wp-json\/wp\/v2\/product\/52986","targetHints":{"allow":["GET"]}}],"collection":[{"href":"https:\/\/murter-online.com\/it\/wp-json\/wp\/v2\/product"}],"about":[{"href":"https:\/\/murter-online.com\/it\/wp-json\/wp\/v2\/types\/product"}],"wp:featuredmedia":[{"embeddable":true,"href":"https:\/\/murter-online.com\/it\/wp-json\/wp\/v2\/media\/40128"}],"wp:attachment":[{"href":"https:\/\/murter-online.com\/it\/wp-json\/wp\/v2\/media?parent=52986"}],"wp:term":[{"taxonomy":"product_brand","embeddable":true,"href":"https:\/\/murter-online.com\/it\/wp-json\/wp\/v2\/product_brand?post=52986"},{"taxonomy":"product_cat","embeddable":true,"href":"https:\/\/murter-online.com\/it\/wp-json\/wp\/v2\/product_cat?post=52986"},{"taxonomy":"product_tag","embeddable":true,"href":"https:\/\/murter-online.com\/it\/wp-json\/wp\/v2\/product_tag?post=52986"}],"curies":[{"name":"wp","href":"https:\/\/api.w.org\/{rel}","templated":true}]}}