{"id":52991,"date":"2025-01-09T18:38:46","date_gmt":"2025-01-09T18:38:46","guid":{"rendered":"https:\/\/murter.riot.hr\/?post_type=product&#038;p=52991"},"modified":"2025-04-17T07:21:14","modified_gmt":"2025-04-17T06:21:14","slug":"appartamento-vicino-alla-spiaggia-in-betina-a4-1-id-253","status":"publish","type":"product","link":"https:\/\/murter-online.com\/it\/prodotto\/appartamento-vicino-alla-spiaggia-in-betina-a4-1-id-253\/","title":{"rendered":"Appartamento vicino alla spiaggia in Betina &#8211; isola Murter A4 + 1 ID 253"},"content":{"rendered":"","protected":false},"excerpt":{"rendered":"<p>Appartamento con due camere da letto su due piani a Betina. L&#8217;appartamento ha due camere da letto, cucina, soggiorno e bagno con lavatrice. Si trova vicino alla spiaggia adatta ai bambini piccoli. L&#8217;appartamento ha due terrazze e un balcone di una camera. C&#8217;\u00e8 una bellissima vista di Betina dal balcone superiore. L&#8217;appartamento \u00e8 dotato di aria condizionata e internet Wi-Fi. Il parcheggio \u00e8 gratuito e si trova di fronte all&#8217;appartamento.<\/p>\n","protected":false},"featured_media":40835,"template":"","meta":{"_acf_changed":false},"product_brand":[],"product_cat":[160,132],"product_tag":[],"class_list":{"0":"post-52991","1":"product","2":"type-product","3":"status-publish","4":"has-post-thumbnail","6":"product_cat-appartamenti-con-vista-mare","7":"product_cat-appartamenti","9":"first","10":"instock","11":"sold-individually","12":"shipping-taxable","13":"purchasable","14":"product-type-phive_booking"},"acf":[],"_links":{"self":[{"href":"https:\/\/murter-online.com\/it\/wp-json\/wp\/v2\/product\/52991","targetHints":{"allow":["GET"]}}],"collection":[{"href":"https:\/\/murter-online.com\/it\/wp-json\/wp\/v2\/product"}],"about":[{"href":"https:\/\/murter-online.com\/it\/wp-json\/wp\/v2\/types\/product"}],"wp:featuredmedia":[{"embeddable":true,"href":"https:\/\/murter-online.com\/it\/wp-json\/wp\/v2\/media\/40835"}],"wp:attachment":[{"href":"https:\/\/murter-online.com\/it\/wp-json\/wp\/v2\/media?parent=52991"}],"wp:term":[{"taxonomy":"product_brand","embeddable":true,"href":"https:\/\/murter-online.com\/it\/wp-json\/wp\/v2\/product_brand?post=52991"},{"taxonomy":"product_cat","embeddable":true,"href":"https:\/\/murter-online.com\/it\/wp-json\/wp\/v2\/product_cat?post=52991"},{"taxonomy":"product_tag","embeddable":true,"href":"https:\/\/murter-online.com\/it\/wp-json\/wp\/v2\/product_tag?post=52991"}],"curies":[{"name":"wp","href":"https:\/\/api.w.org\/{rel}","templated":true}]}}