{"id":53026,"date":"2025-01-10T08:54:16","date_gmt":"2025-01-10T08:54:16","guid":{"rendered":"https:\/\/murter.riot.hr\/?post_type=product&#038;p=53026"},"modified":"2025-04-17T07:40:46","modified_gmt":"2025-04-17T06:40:46","slug":"appartamento-sulla-spiaggia-a-murter-a42-id-296","status":"publish","type":"product","link":"https:\/\/murter-online.com\/it\/prodotto\/appartamento-sulla-spiaggia-a-murter-a42-id-296\/","title":{"rendered":"Appartamento sulla spiaggia di Luke &#8211; isola Murter A4+2 ID 296"},"content":{"rendered":"","protected":false},"excerpt":{"rendered":"<p>L&#8217;appartamento si trova a soli 70 metri dalla spiaggia cittadina di Luca. La spiaggia \u00e8 di ciottoli, cemento e sabbia. L&#8217;appartamento ha un ampio terrazzo, parte del terrazzo ha vista sul mare. \u00c8 un massimo 10-15 minuti (a piedi) dalla spiaggia sabbiosa Podvr\u0161ke e dalla spiaggia sabbiosa Slanica. La distanza a piedi dal centro \u00e8 di 7-10 minuti. L&#8217;appartamento ha due camere da letto dove possono dormire 4 adulti. L&#8217;appartamento ha un grande letto supplementare (divano) nel soggiorno dove possono dormire 2 persone. La cucina \u00e8 completamente equipaggiata. L&#8217;appartamento \u00e8 dotato di un grande frigorifero, TV satellitare, WiFi gratuito. L&#8217;appartamento dispone di parcheggio gratuito davanti alla casa. Davanti alla casa c&#8217;\u00e8 un barbecue che pu\u00f2 essere utilizzato gratuitamente.<\/p>\n","protected":false},"featured_media":42667,"template":"","meta":{"_acf_changed":false},"product_brand":[],"product_cat":[160,132,162],"product_tag":[],"class_list":{"0":"post-53026","1":"product","2":"type-product","3":"status-publish","4":"has-post-thumbnail","6":"product_cat-appartamenti-con-vista-mare","7":"product_cat-appartamenti","8":"product_cat-appartamenti-per-famiglie","10":"first","11":"instock","12":"sold-individually","13":"shipping-taxable","14":"purchasable","15":"product-type-phive_booking"},"acf":[],"_links":{"self":[{"href":"https:\/\/murter-online.com\/it\/wp-json\/wp\/v2\/product\/53026","targetHints":{"allow":["GET"]}}],"collection":[{"href":"https:\/\/murter-online.com\/it\/wp-json\/wp\/v2\/product"}],"about":[{"href":"https:\/\/murter-online.com\/it\/wp-json\/wp\/v2\/types\/product"}],"wp:featuredmedia":[{"embeddable":true,"href":"https:\/\/murter-online.com\/it\/wp-json\/wp\/v2\/media\/42667"}],"wp:attachment":[{"href":"https:\/\/murter-online.com\/it\/wp-json\/wp\/v2\/media?parent=53026"}],"wp:term":[{"taxonomy":"product_brand","embeddable":true,"href":"https:\/\/murter-online.com\/it\/wp-json\/wp\/v2\/product_brand?post=53026"},{"taxonomy":"product_cat","embeddable":true,"href":"https:\/\/murter-online.com\/it\/wp-json\/wp\/v2\/product_cat?post=53026"},{"taxonomy":"product_tag","embeddable":true,"href":"https:\/\/murter-online.com\/it\/wp-json\/wp\/v2\/product_tag?post=53026"}],"curies":[{"name":"wp","href":"https:\/\/api.w.org\/{rel}","templated":true}]}}