{"id":53048,"date":"2025-01-10T12:55:52","date_gmt":"2025-01-10T12:55:52","guid":{"rendered":"https:\/\/murter.riot.hr\/?post_type=product&#038;p=53048"},"modified":"2025-05-01T19:23:38","modified_gmt":"2025-05-01T18:23:38","slug":"appartamento-pace-murter-a6-id-307-2","status":"publish","type":"product","link":"https:\/\/murter-online.com\/it\/prodotto\/appartamento-pace-murter-a6-id-307-2\/","title":{"rendered":"Appartamento familiare Greenpeace Murter A6 ID 307"},"content":{"rendered":"","protected":false},"excerpt":{"rendered":"<p>Appartamento recentemente ristrutturato e completamente attrezzato per max. 6 persone si trova in una posizione tranquilla a Murter. L&#8217;appartamento si trova a circa 250 metri dal centro di Murter. La spiaggia pi\u00f9 vicina \u00e8 la spiaggia Zdra\u010de a Betina, adatta ai bambini e agli anziani. L&#8217;appartamento dispone di 2 camere da letto dove possono ospitare 6 adulti. L&#8217;appartamento \u00e8 disposto su due piani, al primo piano &#8211; c&#8217;\u00e8 una cucina con sala da pranzo e soggiorno, un bagno e una camera da letto, al secondo piano &#8211; in mansarda si trova una grande camera climatizzata con due letti matrimoniali . L&#8217;appartamento \u00e8 dotato di TV, internet WiFi gratuito, forno a microonde, bollitore, lavatrice. C&#8217;\u00e8 un parcheggio gratuito per gli ospiti di fronte alla casa. C&#8217;\u00e8 un bellissimo spazio esterno (nel cortile) con barbecue e mobili da giardino che pu\u00f2 essere utilizzato gratuitamente. Dalla terrazza di questo appartamento c&#8217;\u00e8 una bellissima vista sulla chiesa di San Rocco e sul campo Murter-Betina.<\/p>\n","protected":false},"featured_media":43059,"template":"","meta":{"_acf_changed":false},"product_brand":[],"product_cat":[132,162],"product_tag":[],"class_list":{"0":"post-53048","1":"product","2":"type-product","3":"status-publish","4":"has-post-thumbnail","6":"product_cat-appartamenti","7":"product_cat-appartamenti-per-famiglie","9":"first","10":"instock","11":"sold-individually","12":"shipping-taxable","13":"purchasable","14":"product-type-phive_booking"},"acf":[],"_links":{"self":[{"href":"https:\/\/murter-online.com\/it\/wp-json\/wp\/v2\/product\/53048","targetHints":{"allow":["GET"]}}],"collection":[{"href":"https:\/\/murter-online.com\/it\/wp-json\/wp\/v2\/product"}],"about":[{"href":"https:\/\/murter-online.com\/it\/wp-json\/wp\/v2\/types\/product"}],"wp:featuredmedia":[{"embeddable":true,"href":"https:\/\/murter-online.com\/it\/wp-json\/wp\/v2\/media\/43059"}],"wp:attachment":[{"href":"https:\/\/murter-online.com\/it\/wp-json\/wp\/v2\/media?parent=53048"}],"wp:term":[{"taxonomy":"product_brand","embeddable":true,"href":"https:\/\/murter-online.com\/it\/wp-json\/wp\/v2\/product_brand?post=53048"},{"taxonomy":"product_cat","embeddable":true,"href":"https:\/\/murter-online.com\/it\/wp-json\/wp\/v2\/product_cat?post=53048"},{"taxonomy":"product_tag","embeddable":true,"href":"https:\/\/murter-online.com\/it\/wp-json\/wp\/v2\/product_tag?post=53048"}],"curies":[{"name":"wp","href":"https:\/\/api.w.org\/{rel}","templated":true}]}}