{"id":53053,"date":"2025-01-10T13:29:11","date_gmt":"2025-01-10T13:29:11","guid":{"rendered":"https:\/\/murter.riot.hr\/?post_type=product&#038;p=53053"},"modified":"2025-04-17T08:17:45","modified_gmt":"2025-04-17T07:17:45","slug":"appartamento-perla-a42-id-90","status":"publish","type":"product","link":"https:\/\/murter-online.com\/it\/prodotto\/appartamento-perla-a42-id-90\/","title":{"rendered":"Appartamento con vista mare Perla Murter A4+2 ID 90"},"content":{"rendered":"","protected":false},"excerpt":{"rendered":"<p>L&#8217;appartamento si trova vicino al porto turistico di Murter &#8211; Hramine. Vicino al centro della citt\u00e0 di Murter, che pu\u00f2 essere raggiunto in pochi minuti. La prima spiaggia locale \u00e8 a 180 metri (spiaggia cittadina). Vicino a distributori di benzina, supermercati, ristoranti e caff\u00e8 locali. L&#8217;appartamento ha un balcone e vista mare. L&#8217;appartamento \u00e8 dotato di elettrodomestici, WiFi e TV satellitare. Lenzuola, asciugamani e pulizie finali sono incluse nel prezzo. C&#8217;\u00e8 la possibilit\u00e0 di affittare un appartamento con una sola camera da letto per due adulti + due bambini, il prezzo in questo caso sarebbe: 160,00 euro\/alta stagione e 140 euro\/pre-stagione e sotto-stagione.<\/p>\n","protected":false},"featured_media":43151,"template":"","meta":{"_acf_changed":false},"product_brand":[],"product_cat":[160,132,162],"product_tag":[],"class_list":{"0":"post-53053","1":"product","2":"type-product","3":"status-publish","4":"has-post-thumbnail","6":"product_cat-appartamenti-con-vista-mare","7":"product_cat-appartamenti","8":"product_cat-appartamenti-per-famiglie","10":"first","11":"instock","12":"sold-individually","13":"shipping-taxable","14":"purchasable","15":"product-type-phive_booking"},"acf":[],"_links":{"self":[{"href":"https:\/\/murter-online.com\/it\/wp-json\/wp\/v2\/product\/53053","targetHints":{"allow":["GET"]}}],"collection":[{"href":"https:\/\/murter-online.com\/it\/wp-json\/wp\/v2\/product"}],"about":[{"href":"https:\/\/murter-online.com\/it\/wp-json\/wp\/v2\/types\/product"}],"wp:featuredmedia":[{"embeddable":true,"href":"https:\/\/murter-online.com\/it\/wp-json\/wp\/v2\/media\/43151"}],"wp:attachment":[{"href":"https:\/\/murter-online.com\/it\/wp-json\/wp\/v2\/media?parent=53053"}],"wp:term":[{"taxonomy":"product_brand","embeddable":true,"href":"https:\/\/murter-online.com\/it\/wp-json\/wp\/v2\/product_brand?post=53053"},{"taxonomy":"product_cat","embeddable":true,"href":"https:\/\/murter-online.com\/it\/wp-json\/wp\/v2\/product_cat?post=53053"},{"taxonomy":"product_tag","embeddable":true,"href":"https:\/\/murter-online.com\/it\/wp-json\/wp\/v2\/product_tag?post=53053"}],"curies":[{"name":"wp","href":"https:\/\/api.w.org\/{rel}","templated":true}]}}