{"id":53062,"date":"2025-01-10T15:09:07","date_gmt":"2025-01-10T15:09:07","guid":{"rendered":"https:\/\/murter.riot.hr\/?post_type=product&#038;p=53062"},"modified":"2025-04-17T08:36:59","modified_gmt":"2025-04-17T07:36:59","slug":"appartamento-podraduc-kornati-view-a4-id-103","status":"publish","type":"product","link":"https:\/\/murter-online.com\/it\/prodotto\/appartamento-podraduc-kornati-view-a4-id-103\/","title":{"rendered":"Appartamento con vista mare Podradu\u010d Kornati MurterA4 ID 103"},"content":{"rendered":"","protected":false},"excerpt":{"rendered":"<p>Appartamento con splendida vista mare si trova in ottima posizione a soli 40 metri dal mare. L&#8217;appartamento ha una superficie di 65 m2. Dispone di due camere da letto che possono ospitare 4 adulti. Ha un soggiorno. Dispone di un bagno con doccia. L&#8217;area del balcone \/ terrazzo \u00e8 di 12 m2. L&#8217;appartamento si trova al secondo piano. L&#8217;appartamento \u00e8 dotato di TV, aria condizionata, forno, connessione internet wifi gratuita, lavatrice, lavastoviglie. Il parcheggio \u00e8 previsto e incluso nel prezzo. C&#8217;\u00e8 un grill all&#8217;aperto che pu\u00f2 essere utilizzato. L&#8217;appartamento si trova a circa 2000 m dal centro e 40 m dal mare o dalla prima spiaggia di Murter. Non sono ammessi animali. L&#8217;appartamento si trova in una splendida posizione a soli 9 minuti a piedi dalla spiaggia di Slanica e 12 minuti a piedi dal negozio. Si trova a 14 minuti a piedi dalla spiaggia di \u010cigra\u0111a. L&#8217;appartamento si trova a 20 minuti a piedi dal centro.<\/p>\n","protected":false},"featured_media":43592,"template":"","meta":{"_acf_changed":false},"product_brand":[],"product_cat":[160,132,162],"product_tag":[],"class_list":{"0":"post-53062","1":"product","2":"type-product","3":"status-publish","4":"has-post-thumbnail","6":"product_cat-appartamenti-con-vista-mare","7":"product_cat-appartamenti","8":"product_cat-appartamenti-per-famiglie","10":"first","11":"instock","12":"sold-individually","13":"shipping-taxable","14":"purchasable","15":"product-type-phive_booking"},"acf":[],"_links":{"self":[{"href":"https:\/\/murter-online.com\/it\/wp-json\/wp\/v2\/product\/53062","targetHints":{"allow":["GET"]}}],"collection":[{"href":"https:\/\/murter-online.com\/it\/wp-json\/wp\/v2\/product"}],"about":[{"href":"https:\/\/murter-online.com\/it\/wp-json\/wp\/v2\/types\/product"}],"wp:featuredmedia":[{"embeddable":true,"href":"https:\/\/murter-online.com\/it\/wp-json\/wp\/v2\/media\/43592"}],"wp:attachment":[{"href":"https:\/\/murter-online.com\/it\/wp-json\/wp\/v2\/media?parent=53062"}],"wp:term":[{"taxonomy":"product_brand","embeddable":true,"href":"https:\/\/murter-online.com\/it\/wp-json\/wp\/v2\/product_brand?post=53062"},{"taxonomy":"product_cat","embeddable":true,"href":"https:\/\/murter-online.com\/it\/wp-json\/wp\/v2\/product_cat?post=53062"},{"taxonomy":"product_tag","embeddable":true,"href":"https:\/\/murter-online.com\/it\/wp-json\/wp\/v2\/product_tag?post=53062"}],"curies":[{"name":"wp","href":"https:\/\/api.w.org\/{rel}","templated":true}]}}