{"id":53067,"date":"2025-01-10T18:37:43","date_gmt":"2025-01-10T18:37:43","guid":{"rendered":"https:\/\/murter.riot.hr\/?post_type=product&#038;p=53067"},"modified":"2025-04-17T08:46:09","modified_gmt":"2025-04-17T07:46:09","slug":"appartamento-podraduc-murter-a4-id-26","status":"publish","type":"product","link":"https:\/\/murter-online.com\/it\/prodotto\/appartamento-podraduc-murter-a4-id-26\/","title":{"rendered":"Appartamento con vista mare Kornati Murter A4 ID 26"},"content":{"rendered":"","protected":false},"excerpt":{"rendered":"<div><\/div>\n<div>L&#8217;appartamento con una bellissima vista sul mare si trova in una posizione eccellente solo 50 metri dal mare. L&#8217;appartamento ha una superficie di 70 m2. ha due camere da letto dove possono dormire 4 adulti. Ha un soggiorno. Ha un bagno con doccia. L&#8217;area della terrazza\/balcone \u00e8 18 m2. L&#8217;appartamento si trova al primo piano della casa. L&#8217;appartamento \u00e8 dotato di tv, aria condizionata, ricevitore satellitare, forno, connessione internet wifi gratuita. Il parcheggio \u00e8 assicurato e incluso nel prezzo. C&#8217;\u00e8 una griglia esterna che pu\u00f2 essere utilizzata. L&#8217;appartamento \u00e8 di circa 1500 m. \u00e8 lontano dal centro della citt\u00e0 ea 50m. dal mare o dalla prima spiaggia a Murter. Gli animali non sono ammessi.<\/div>\n","protected":false},"featured_media":43844,"template":"","meta":{"_acf_changed":false},"product_brand":[],"product_cat":[160,132,162],"product_tag":[],"class_list":{"0":"post-53067","1":"product","2":"type-product","3":"status-publish","4":"has-post-thumbnail","6":"product_cat-appartamenti-con-vista-mare","7":"product_cat-appartamenti","8":"product_cat-appartamenti-per-famiglie","10":"first","11":"instock","12":"sold-individually","13":"shipping-taxable","14":"purchasable","15":"product-type-phive_booking"},"acf":[],"_links":{"self":[{"href":"https:\/\/murter-online.com\/it\/wp-json\/wp\/v2\/product\/53067","targetHints":{"allow":["GET"]}}],"collection":[{"href":"https:\/\/murter-online.com\/it\/wp-json\/wp\/v2\/product"}],"about":[{"href":"https:\/\/murter-online.com\/it\/wp-json\/wp\/v2\/types\/product"}],"wp:featuredmedia":[{"embeddable":true,"href":"https:\/\/murter-online.com\/it\/wp-json\/wp\/v2\/media\/43844"}],"wp:attachment":[{"href":"https:\/\/murter-online.com\/it\/wp-json\/wp\/v2\/media?parent=53067"}],"wp:term":[{"taxonomy":"product_brand","embeddable":true,"href":"https:\/\/murter-online.com\/it\/wp-json\/wp\/v2\/product_brand?post=53067"},{"taxonomy":"product_cat","embeddable":true,"href":"https:\/\/murter-online.com\/it\/wp-json\/wp\/v2\/product_cat?post=53067"},{"taxonomy":"product_tag","embeddable":true,"href":"https:\/\/murter-online.com\/it\/wp-json\/wp\/v2\/product_tag?post=53067"}],"curies":[{"name":"wp","href":"https:\/\/api.w.org\/{rel}","templated":true}]}}