{"id":53071,"date":"2025-01-11T07:20:32","date_gmt":"2025-01-11T07:20:32","guid":{"rendered":"https:\/\/murter.riot.hr\/?post_type=product&#038;p=53071"},"modified":"2025-04-17T08:51:43","modified_gmt":"2025-04-17T07:51:43","slug":"appartamento-podraduc-murter-a41-id-319","status":"publish","type":"product","link":"https:\/\/murter-online.com\/it\/prodotto\/appartamento-podraduc-murter-a41-id-319\/","title":{"rendered":"Appartamento con vista mare Podradu\u010d Murter A4+1 ID 319"},"content":{"rendered":"","protected":false},"excerpt":{"rendered":"<p>L&#8217;appartamento con una bellissima vista sul mare si trova in una parte attraente di Murter, in via Podradu\u010d, in un luogo tranquillo e silenzioso. L&#8217;appartamento dispone di 2 camere da letto dove possono dormire 4 adulti, l&#8217;appartamento dispone anche di un soggiorno con un letto supplementare che pu\u00f2 essere utilizzato per dormire. In cucina c&#8217;\u00e8 il forno, il bollitore e il congelatore, il resto della cucina \u00e8 completamente attrezzata. L&#8217;appartamento ha una bellissima terrazza con vista sul mare sulle isole Kornati. L&#8217;appartamento \u00e8 dotato di aria condizionata, connessione Wi-Fi gratuita e TV satellitare. C&#8217;\u00e8 un parcheggio gratuito per gli ospiti di fronte all&#8217;appartamento. Nel cortile dell&#8217;appartamento c&#8217;\u00e8 un barbecue che pu\u00f2 essere utilizzato gratuitamente. Sotto l&#8217;appartamento (70 metri) c&#8217;\u00e8 una bellissima spiaggia rocciosa pulita.<\/p>\n","protected":false},"featured_media":44044,"template":"","meta":{"_acf_changed":false},"product_brand":[],"product_cat":[160,132,162],"product_tag":[],"class_list":{"0":"post-53071","1":"product","2":"type-product","3":"status-publish","4":"has-post-thumbnail","6":"product_cat-appartamenti-con-vista-mare","7":"product_cat-appartamenti","8":"product_cat-appartamenti-per-famiglie","10":"first","11":"instock","12":"sold-individually","13":"shipping-taxable","14":"purchasable","15":"product-type-phive_booking"},"acf":[],"_links":{"self":[{"href":"https:\/\/murter-online.com\/it\/wp-json\/wp\/v2\/product\/53071","targetHints":{"allow":["GET"]}}],"collection":[{"href":"https:\/\/murter-online.com\/it\/wp-json\/wp\/v2\/product"}],"about":[{"href":"https:\/\/murter-online.com\/it\/wp-json\/wp\/v2\/types\/product"}],"wp:featuredmedia":[{"embeddable":true,"href":"https:\/\/murter-online.com\/it\/wp-json\/wp\/v2\/media\/44044"}],"wp:attachment":[{"href":"https:\/\/murter-online.com\/it\/wp-json\/wp\/v2\/media?parent=53071"}],"wp:term":[{"taxonomy":"product_brand","embeddable":true,"href":"https:\/\/murter-online.com\/it\/wp-json\/wp\/v2\/product_brand?post=53071"},{"taxonomy":"product_cat","embeddable":true,"href":"https:\/\/murter-online.com\/it\/wp-json\/wp\/v2\/product_cat?post=53071"},{"taxonomy":"product_tag","embeddable":true,"href":"https:\/\/murter-online.com\/it\/wp-json\/wp\/v2\/product_tag?post=53071"}],"curies":[{"name":"wp","href":"https:\/\/api.w.org\/{rel}","templated":true}]}}