{"id":53078,"date":"2025-01-11T07:41:18","date_gmt":"2025-01-11T07:41:18","guid":{"rendered":"https:\/\/murter.riot.hr\/?post_type=product&#038;p=53078"},"modified":"2025-04-17T09:03:27","modified_gmt":"2025-04-17T08:03:27","slug":"appartamento-podraduc-seaside-dream-a42-id-79","status":"publish","type":"product","link":"https:\/\/murter-online.com\/it\/prodotto\/appartamento-podraduc-seaside-dream-a42-id-79\/","title":{"rendered":"Appartamento con vista mare Podradu\u010d Seaside Dream Murter A4+2 ID 79"},"content":{"rendered":"","protected":false},"excerpt":{"rendered":"<p>L&#8217;appartamento Seaside Dream A4 + 2 ID 79 si trova vicino alle spiagge Slanica e \u010cigra\u0111a. Offre sistemazioni con connessione Wi-Fi e parcheggio privato gratuiti. L&#8217;appartamento \u00e8 dotato di aria condizionata, TV a schermo piatto con canali satellitari e bagno privato con asciugacapelli. C&#8217;\u00e8 anche una cucina completamente attrezzata con forno a microonde, frigorifero, piano cottura, bollitore elettrico, macchina da caff\u00e8 e zona pranzo.<\/p>\n","protected":false},"featured_media":44112,"template":"","meta":{"_acf_changed":false},"product_brand":[],"product_cat":[160,132,162],"product_tag":[],"class_list":{"0":"post-53078","1":"product","2":"type-product","3":"status-publish","4":"has-post-thumbnail","6":"product_cat-appartamenti-con-vista-mare","7":"product_cat-appartamenti","8":"product_cat-appartamenti-per-famiglie","10":"first","11":"instock","12":"sold-individually","13":"shipping-taxable","14":"purchasable","15":"product-type-phive_booking"},"acf":[],"_links":{"self":[{"href":"https:\/\/murter-online.com\/it\/wp-json\/wp\/v2\/product\/53078","targetHints":{"allow":["GET"]}}],"collection":[{"href":"https:\/\/murter-online.com\/it\/wp-json\/wp\/v2\/product"}],"about":[{"href":"https:\/\/murter-online.com\/it\/wp-json\/wp\/v2\/types\/product"}],"wp:featuredmedia":[{"embeddable":true,"href":"https:\/\/murter-online.com\/it\/wp-json\/wp\/v2\/media\/44112"}],"wp:attachment":[{"href":"https:\/\/murter-online.com\/it\/wp-json\/wp\/v2\/media?parent=53078"}],"wp:term":[{"taxonomy":"product_brand","embeddable":true,"href":"https:\/\/murter-online.com\/it\/wp-json\/wp\/v2\/product_brand?post=53078"},{"taxonomy":"product_cat","embeddable":true,"href":"https:\/\/murter-online.com\/it\/wp-json\/wp\/v2\/product_cat?post=53078"},{"taxonomy":"product_tag","embeddable":true,"href":"https:\/\/murter-online.com\/it\/wp-json\/wp\/v2\/product_tag?post=53078"}],"curies":[{"name":"wp","href":"https:\/\/api.w.org\/{rel}","templated":true}]}}