{"id":53086,"date":"2025-01-11T08:10:23","date_gmt":"2025-01-11T08:10:23","guid":{"rendered":"https:\/\/murter.riot.hr\/?post_type=product&#038;p=53086"},"modified":"2025-04-17T10:59:28","modified_gmt":"2025-04-17T09:59:28","slug":"appartamento-podvrske-murter-jersani-a41-id-175","status":"publish","type":"product","link":"https:\/\/murter-online.com\/it\/prodotto\/appartamento-podvrske-murter-jersani-a41-id-175\/","title":{"rendered":"Appartamento con posto per la barca Podvr\u0161ke Jersani Murter A4+1 ID 175"},"content":{"rendered":"","protected":false},"excerpt":{"rendered":"<p>L&#8217;appartamento si trova in un&#8217;ottima posizione a soli 100 metri dal mare. L&#8217;appartamento ha una superficie di 60 m2. Dispone di due camere da letto dove possono dormire 4 adulti. Ha un soggiorno, che pu\u00f2 essere utilizzato per dormire &#8211; Ha un letto supplementare per una persona. Dispone di un bagno con doccia. L&#8217;area del balcone \/ terrazzo \u00e8 di 10 m2. L&#8217;appartamento si trova al primo piano. L&#8217;appartamento \u00e8 dotato di TV, aria condizionata, connessione internet wifi gratuita. Il parcheggio \u00e8 previsto e incluso nel prezzo. L&#8217;appartamento dispone di un posto barca &#8211; che pu\u00f2 essere addebitato a parte. C&#8217;\u00e8 un grill all&#8217;aperto che pu\u00f2 essere utilizzato. L&#8217;appartamento si trova a circa 700 m dal centro e 100 m dal mare o dalla prima spiaggia di Murter. Gli animali domestici sono ammessi a un costo aggiuntivo.<\/p>\n","protected":false},"featured_media":44291,"template":"","meta":{"_acf_changed":false},"product_brand":[],"product_cat":[163,160,132,162],"product_tag":[],"class_list":{"0":"post-53086","1":"product","2":"type-product","3":"status-publish","4":"has-post-thumbnail","6":"product_cat-appartamenti-con-posto-barca","7":"product_cat-appartamenti-con-vista-mare","8":"product_cat-appartamenti","9":"product_cat-appartamenti-per-famiglie","11":"first","12":"instock","13":"sold-individually","14":"shipping-taxable","15":"purchasable","16":"product-type-phive_booking"},"acf":[],"_links":{"self":[{"href":"https:\/\/murter-online.com\/it\/wp-json\/wp\/v2\/product\/53086","targetHints":{"allow":["GET"]}}],"collection":[{"href":"https:\/\/murter-online.com\/it\/wp-json\/wp\/v2\/product"}],"about":[{"href":"https:\/\/murter-online.com\/it\/wp-json\/wp\/v2\/types\/product"}],"wp:featuredmedia":[{"embeddable":true,"href":"https:\/\/murter-online.com\/it\/wp-json\/wp\/v2\/media\/44291"}],"wp:attachment":[{"href":"https:\/\/murter-online.com\/it\/wp-json\/wp\/v2\/media?parent=53086"}],"wp:term":[{"taxonomy":"product_brand","embeddable":true,"href":"https:\/\/murter-online.com\/it\/wp-json\/wp\/v2\/product_brand?post=53086"},{"taxonomy":"product_cat","embeddable":true,"href":"https:\/\/murter-online.com\/it\/wp-json\/wp\/v2\/product_cat?post=53086"},{"taxonomy":"product_tag","embeddable":true,"href":"https:\/\/murter-online.com\/it\/wp-json\/wp\/v2\/product_tag?post=53086"}],"curies":[{"name":"wp","href":"https:\/\/api.w.org\/{rel}","templated":true}]}}