{"id":53106,"date":"2025-01-09T06:32:04","date_gmt":"2025-01-09T06:32:04","guid":{"rendered":"https:\/\/murter.riot.hr\/?post_type=product&#038;p=53106"},"modified":"2025-04-17T11:26:49","modified_gmt":"2025-04-17T10:26:49","slug":"appartamento-slanica-vista-panoramica-a42-id-93","status":"publish","type":"product","link":"https:\/\/murter-online.com\/it\/prodotto\/appartamento-slanica-vista-panoramica-a42-id-93\/","title":{"rendered":"Appartamento con vista mare Slanica Vista Panoramica Murter A4+2 ID 93"},"content":{"rendered":"","protected":false},"excerpt":{"rendered":"<p>L&#8217;appartamento con una bellissima vista sul mare si trova in una posizione eccellente solo 300 metri dal mare. L&#8217;appartamento ha una superficie di 80 m2. ha due camere da letto dove possono dormire 4 adulti. Ha un soggiorno, che pu\u00f2 essere utilizzato per dormire &#8211; Ha un letto di ricambio per due persone. Ha un bagno con doccia. L&#8217;area della terrazza\/balcone \u00e8 12 m2. L&#8217;appartamento si trova al primo piano della casa. L&#8217;appartamento \u00e8 dotato di tv, aria condizionata, forno, connessione internet wifi gratuita. Il parcheggio \u00e8 assicurato e incluso nel prezzo. L&#8217;appartamento \u00e8 di circa 800 m. \u00e8 lontano dal centro della citt\u00e0 ea 300m. dal mare o dalla prima spiaggia a Murter. Gli animali non sono ammessi.<span class=\"Y2IQFc\" lang=\"it\">Il prezzo si riferisce a 4 persone, se nell&#8217;appartamento ci sono 5 persone il prezzo aumenta di 10 euro al giorno, se nell&#8217;appartamento ci sono 6 persone il prezzo sar\u00e0 maggiore di 20 euro<\/span><\/p>\n","protected":false},"featured_media":37724,"template":"","meta":{"_acf_changed":false},"product_brand":[],"product_cat":[160,132,162],"product_tag":[],"class_list":{"0":"post-53106","1":"product","2":"type-product","3":"status-publish","4":"has-post-thumbnail","6":"product_cat-appartamenti-con-vista-mare","7":"product_cat-appartamenti","8":"product_cat-appartamenti-per-famiglie","10":"first","11":"instock","12":"sold-individually","13":"shipping-taxable","14":"purchasable","15":"product-type-phive_booking"},"acf":[],"_links":{"self":[{"href":"https:\/\/murter-online.com\/it\/wp-json\/wp\/v2\/product\/53106","targetHints":{"allow":["GET"]}}],"collection":[{"href":"https:\/\/murter-online.com\/it\/wp-json\/wp\/v2\/product"}],"about":[{"href":"https:\/\/murter-online.com\/it\/wp-json\/wp\/v2\/types\/product"}],"wp:featuredmedia":[{"embeddable":true,"href":"https:\/\/murter-online.com\/it\/wp-json\/wp\/v2\/media\/37724"}],"wp:attachment":[{"href":"https:\/\/murter-online.com\/it\/wp-json\/wp\/v2\/media?parent=53106"}],"wp:term":[{"taxonomy":"product_brand","embeddable":true,"href":"https:\/\/murter-online.com\/it\/wp-json\/wp\/v2\/product_brand?post=53106"},{"taxonomy":"product_cat","embeddable":true,"href":"https:\/\/murter-online.com\/it\/wp-json\/wp\/v2\/product_cat?post=53106"},{"taxonomy":"product_tag","embeddable":true,"href":"https:\/\/murter-online.com\/it\/wp-json\/wp\/v2\/product_tag?post=53106"}],"curies":[{"name":"wp","href":"https:\/\/api.w.org\/{rel}","templated":true}]}}