{"id":53116,"date":"2025-01-09T06:56:29","date_gmt":"2025-01-09T06:56:29","guid":{"rendered":"https:\/\/murter.riot.hr\/?post_type=product&#038;p=53116"},"modified":"2025-04-18T08:52:05","modified_gmt":"2025-04-18T07:52:05","slug":"appartamento-slanica-colorful-summer-a41-id-92","status":"publish","type":"product","link":"https:\/\/murter-online.com\/it\/prodotto\/appartamento-slanica-colorful-summer-a41-id-92\/","title":{"rendered":"Appartamento con vista mare Slanica Colorful Summer Murter A4+1 ID 92"},"content":{"rendered":"","protected":false},"excerpt":{"rendered":"<p>L&#8217;appartamento con una bellissima vista mare si trova in un&#8217;ottima posizione a soli 150 metri dal mare. L&#8217;appartamento ha una superficie di 80 m2. Dispone di due camere da letto che possono ospitare 4 adulti. Ha un soggiorno, che pu\u00f2 essere utilizzato per dormire &#8211; Ha un letto extra per una persona. Dispone di un bagno con doccia. L&#8217;area del balcone \/ terrazzo \u00e8 di 60 m2. L&#8217;appartamento si trova al primo piano. L&#8217;appartamento \u00e8 dotato di TV, aria condizionata, forno, connessione internet wifi gratuita. Il parcheggio \u00e8 previsto e incluso nel prezzo. C&#8217;\u00e8 un grill all&#8217;aperto che pu\u00f2 essere utilizzato. L&#8217;appartamento si trova a circa 900 m dal centro e 150 m dal mare o dalla prima spiaggia di Murter. Non sono ammessi animali.<\/p>\n","protected":false},"featured_media":37936,"template":"","meta":{"_acf_changed":false},"product_brand":[],"product_cat":[160,132,162],"product_tag":[],"class_list":{"0":"post-53116","1":"product","2":"type-product","3":"status-publish","4":"has-post-thumbnail","6":"product_cat-appartamenti-con-vista-mare","7":"product_cat-appartamenti","8":"product_cat-appartamenti-per-famiglie","10":"first","11":"instock","12":"sold-individually","13":"shipping-taxable","14":"purchasable","15":"product-type-phive_booking"},"acf":[],"_links":{"self":[{"href":"https:\/\/murter-online.com\/it\/wp-json\/wp\/v2\/product\/53116","targetHints":{"allow":["GET"]}}],"collection":[{"href":"https:\/\/murter-online.com\/it\/wp-json\/wp\/v2\/product"}],"about":[{"href":"https:\/\/murter-online.com\/it\/wp-json\/wp\/v2\/types\/product"}],"wp:featuredmedia":[{"embeddable":true,"href":"https:\/\/murter-online.com\/it\/wp-json\/wp\/v2\/media\/37936"}],"wp:attachment":[{"href":"https:\/\/murter-online.com\/it\/wp-json\/wp\/v2\/media?parent=53116"}],"wp:term":[{"taxonomy":"product_brand","embeddable":true,"href":"https:\/\/murter-online.com\/it\/wp-json\/wp\/v2\/product_brand?post=53116"},{"taxonomy":"product_cat","embeddable":true,"href":"https:\/\/murter-online.com\/it\/wp-json\/wp\/v2\/product_cat?post=53116"},{"taxonomy":"product_tag","embeddable":true,"href":"https:\/\/murter-online.com\/it\/wp-json\/wp\/v2\/product_tag?post=53116"}],"curies":[{"name":"wp","href":"https:\/\/api.w.org\/{rel}","templated":true}]}}